{"id":656,"date":"2025-11-05T06:48:24","date_gmt":"2025-11-05T06:48:24","guid":{"rendered":"https:\/\/rootbac.com\/?page_id=656"},"modified":"2025-11-05T06:50:42","modified_gmt":"2025-11-05T06:50:42","slug":"kisisel-verilerin-korunmasi-politikasi","status":"publish","type":"page","link":"https:\/\/rootbac.com\/en\/kisisel-verilerin-korunmasi-politikasi\/","title":{"rendered":"PERSONAL DATA PROTECTION POLICY"},"content":{"rendered":"<div data-elementor-type=\"wp-page\" data-elementor-id=\"656\" class=\"elementor elementor-656\" data-elementor-post-type=\"page\">\n\t\t\t\t<div class=\"elementor-element elementor-element-f56e498 e-flex e-con-boxed e-con e-parent\" data-id=\"f56e498\" data-element_type=\"container\">\n\t\t\t\t\t<div class=\"e-con-inner\">\n\t\t\t\t<div class=\"elementor-element elementor-element-61ea2ae elementor-widget elementor-widget-text-editor\" data-id=\"61ea2ae\" data-element_type=\"widget\" data-settings=\"{&quot;ekit_we_effect_on&quot;:&quot;none&quot;}\" data-widget_type=\"text-editor.default\">\n\t\t\t\t\t\t\t\t\t<h5><strong>PERSONAL DATA PROTECTION POLICY<\/strong><\/h5><p>In accordance with the Law No. 6698 on the Protection of Personal Data (\u201cKVKK\u201d), your personal data will be processed by our Company, as the Data Controller, for business purposes, within the framework described below, by means of use, recording, storage, updating, transfer and\/or classification. In this context, in accordance with the Laws and Regulations enacted to protect the fundamental rights and freedoms of individuals, primarily the right to privacy, and to protect personal data, our Company takes all technical and administrative measures to ensure an appropriate level of security to prevent the unlawful processing and access to your personal data and to ensure its preservation.<\/p><p>The target audience for this text includes all natural persons whose personal data is processed by our Company, excluding our employees or job applicants who have applied to our Company.<\/p><p>As the data controller, the personal data processed includes, but is not limited to, those listed below:;<\/p><p>Name, surname, Turkish Republic ID number, address, phone number, email address, signature, physical location\/security video recording, call center\/service quality audio recording, bank account number, cookie records.<\/p><h4>The purposes and legal grounds for processing personal data; Your personal data shared with us;<\/h4><ol><li>To enable you and\/or the institutions and organizations you represent to benefit from the products and services offered by our company, we will carry out the necessary work, including but not limited to, determining and implementing our company&#039;s commercial and business strategies, conducting marketing activities, and performing business development and planning activities.,<\/li><li>Execution of administrative operations related to communication conducted by our company,<\/li><li>Ensuring the physical security and control of the locations used by our company,<\/li><li>Establishing relationships with business partners\/customers\/suppliers (authorized representatives or employees),<\/li><li>Ensuring contractual compliance and financial reconciliation regarding products and services offered in conjunction with our business partners, suppliers, or other third parties.,<\/li><li>Implementing our company&#039;s human resources policies,<\/li><li>Calling our company&#039;s call center or using our website,<\/li><li>Your personal data will be processed for the purpose of enabling your participation in training courses, seminars, or events organized by our company.<\/li><\/ol><p>Method of collecting and storing personal data: Your personal data shared with our company may be collected verbally, in writing, or electronically through automated or non-automated methods, via offices, branches, call centers, websites, social media platforms, mobile applications, and similar means. Your personal data will be stored in electronic and\/or physical environments. To ensure that your personal data, obtained and stored by our company, is not subjected to unauthorized access, manipulation, loss, or damage in the environments where it is stored, the necessary business process designs and technical security infrastructure improvements are implemented.<\/p><p>Your personal data will be processed and stored for the legal retention period, or for the period required by the purpose of processing if no such period is specified, provided that it is not used outside the purposes and scope notified to you, and that all necessary information security measures are taken. Upon expiration of this period, your personal data will be removed from our company&#039;s data flows through deletion, destruction, or anonymization methods.<\/p><h4>Transfer of Personal Data;<\/h4><p>Your personal data will be processed in accordance with the laws and other regulations and for the purposes stated;<\/p><ul><li>To T\u00fcrk Telekom\u00fcnikasyon A.\u015e. and T\u00fcrk Telekom\u00fcnikasyon group companies,<\/li><li>The companies and representatives to whom we have given authorization, acting on behalf of our company,<\/li><li>You may share your personal data with regulatory and supervisory bodies, or with public institutions or organizations that are explicitly authorized to request your personal data under the laws to which they are subject.,<\/li><li>Within the scope of the stated purposes, business partnerships, supplier and contractor companies, banks, credit risk and finance institutions and other natural or legal persons,<\/li><li>Data may be transferred to tax and similar consultants, individuals, institutions and organizations involved in legal proceedings, and third parties from whom we receive consultancy services, including auditors, and, without limitation, to business partners, third parties providing services, authorized persons and organizations, both domestically and internationally, for the purposes stated above.<\/li><\/ul><h4>In accordance with Article 11 of the KVKK (Law on Protection of Personal Data), your rights include the following: By applying to our company, you can request access to your personal data:;<\/h4><ol><li>To find out if it has been processed,<\/li><li>Request information if it has been processed.,<\/li><li>To learn the purpose of processing and whether it is being used for its intended purpose.,<\/li><li>Knowing the third parties to whom it is transferred, domestically or internationally.,<\/li><li>Requesting correction if it is incomplete\/incorrect.,<\/li><li>Requesting deletion\/destruction within the framework of the conditions stipulated in Article 7 of the KVKK (Personal Data Protection Law),<\/li><li>Requesting that the third parties to whom it is transferred be notified of the transactions carried out in accordance with paragraphs (e) and (f) above,<\/li><li>You have the right to object to an unfavorable outcome resulting solely from analysis by automated systems.,<\/li><li>If you suffer damages as a result of an unlawful act, you have the right to claim compensation for those damages.<\/li><\/ol><p>In accordance with Article 13, paragraph 1 of the Personal Data Protection Law, you may submit your request regarding the exercise of your rights mentioned above to our Company in writing or through other methods determined by the Personal Data Protection Board.<\/p><p>To exercise your rights mentioned above, you can personally deliver your request along with the necessary information to identify you, send it via a notary public, or use other methods determined by the Personal Data Protection Board. <a href=\"mailto:info@rootbac.com\">info@rootbac.com<\/a> You can send it to [email address] with a secure electronic signature.<\/p>\t\t\t\t\t\t\t\t<\/div>\n\t\t\t\t\t<\/div>\n\t\t\t\t<\/div>\n\t\t\t\t<\/div>\n\t\t\n    <div class=\"xs_social_share_widget xs_share_url after_content \t\tmain_content  wslu-style-1 wslu-share-box-shaped wslu-fill-colored wslu-none wslu-share-horizontal wslu-theme-font-no wslu-main_content\">\n\n\t\t\n        <ul>\n\t\t\t        <\/ul>\n    <\/div>","protected":false},"excerpt":{"rendered":"<p>K\u0130\u015e\u0130SEL VER\u0130LER\u0130N KORUNMASI POL\u0130T\u0130KASI 6698 say\u0131l\u0131 Ki\u015fisel Verilerin Korunmas\u0131 Kanunu (\u201cKVKK\u201d) uyar\u0131nca, \u015eirketimiz taraf\u0131ndan, Veri Sorumlusu s\u0131fat\u0131yla, ki\u015fisel verileriniz, i\u015f ama\u00e7lar\u0131yla ba\u011fl\u0131 olarak, a\u015fa\u011f\u0131da a\u00e7\u0131kland\u0131\u011f\u0131 \u00e7er\u00e7evede kullan\u0131lmak, kaydedilmek, saklanmak, g\u00fcncellenmek, aktar\u0131lmak ve\/veya s\u0131n\u0131fland\u0131r\u0131lmak suretiyle i\u015flenecektir.\u00a0 Bu kapsamda \u015eirketimiz taraf\u0131ndan ba\u015fta \u00f6zel hayat\u0131n gizlili\u011fi olmak \u00fczere, ki\u015filerin temel hak ve \u00f6zg\u00fcrl\u00fcklerini korumak ve ki\u015fisel verilerin korunmas\u0131 [&hellip;]<\/p>","protected":false},"author":1,"featured_media":0,"parent":0,"menu_order":0,"comment_status":"closed","ping_status":"closed","template":"","meta":{"postBodyCss":"","postBodyMargin":[],"postBodyPadding":[],"postBodyBackground":{"backgroundType":"classic","gradient":""},"footnotes":""},"class_list":["post-656","page","type-page","status-publish","hentry"],"_links":{"self":[{"href":"https:\/\/rootbac.com\/en\/wp-json\/wp\/v2\/pages\/656","targetHints":{"allow":["GET"]}}],"collection":[{"href":"https:\/\/rootbac.com\/en\/wp-json\/wp\/v2\/pages"}],"about":[{"href":"https:\/\/rootbac.com\/en\/wp-json\/wp\/v2\/types\/page"}],"author":[{"embeddable":true,"href":"https:\/\/rootbac.com\/en\/wp-json\/wp\/v2\/users\/1"}],"replies":[{"embeddable":true,"href":"https:\/\/rootbac.com\/en\/wp-json\/wp\/v2\/comments?post=656"}],"version-history":[{"count":5,"href":"https:\/\/rootbac.com\/en\/wp-json\/wp\/v2\/pages\/656\/revisions"}],"predecessor-version":[{"id":661,"href":"https:\/\/rootbac.com\/en\/wp-json\/wp\/v2\/pages\/656\/revisions\/661"}],"wp:attachment":[{"href":"https:\/\/rootbac.com\/en\/wp-json\/wp\/v2\/media?parent=656"}],"curies":[{"name":"wp","href":"https:\/\/api.w.org\/{rel}","templated":true}]}}