{"id":496,"date":"2025-10-31T13:19:47","date_gmt":"2025-10-31T13:19:47","guid":{"rendered":"https:\/\/rootbac.com\/?page_id=496"},"modified":"2025-10-31T13:21:35","modified_gmt":"2025-10-31T13:21:35","slug":"gelecegin-gubre-teknolojisi","status":"publish","type":"page","link":"https:\/\/rootbac.com\/en\/gelecegin-gubre-teknolojisi\/","title":{"rendered":"The Fertilizer Technology of the Future"},"content":{"rendered":"<div data-elementor-type=\"wp-page\" data-elementor-id=\"496\" class=\"elementor elementor-496\" data-elementor-post-type=\"page\">\n\t\t\t\t<div class=\"elementor-element elementor-element-37c7d366 e-flex e-con-boxed e-con e-parent\" data-id=\"37c7d366\" data-element_type=\"container\">\n\t\t\t\t\t<div class=\"e-con-inner\">\n\t\t<div class=\"elementor-element elementor-element-2dbc6de1 e-con-full e-flex e-con e-child\" data-id=\"2dbc6de1\" data-element_type=\"container\">\n\t\t\t\t<div class=\"elementor-element elementor-element-6da0db87 elementor-widget elementor-widget-elementskit-heading\" data-id=\"6da0db87\" data-element_type=\"widget\" data-settings=\"{&quot;ekit_we_effect_on&quot;:&quot;none&quot;}\" data-widget_type=\"elementskit-heading.default\">\n\t\t\t\t\t<div class=\"ekit-wid-con\" ><div class=\"ekit-heading elementskit-section-title-wraper text_left   ekit_heading_tablet-   ekit_heading_mobile-\"><h2 class=\"ekit-heading--title elementskit-section-title\"><span><span>The future<\/span><\/span> Fertilizer Technology<\/h2><div class=\"ekit_heading_separetor_wraper ekit_heading_elementskit-border-divider ekit-dotted\"><div class=\"elementskit-border-divider ekit-dotted\"><\/div><\/div><\/div><\/div>\t\t\t\t<\/div>\n\t\t\t\t<div class=\"elementor-element elementor-element-6b881dd3 elementor-widget elementor-widget-text-editor\" data-id=\"6b881dd3\" data-element_type=\"widget\" data-settings=\"{&quot;ekit_we_effect_on&quot;:&quot;none&quot;}\" data-widget_type=\"text-editor.default\">\n\t\t\t\t\t\t\t\t\t<p><strong><b>Efficient use of fertilizers<\/b><\/strong>, It is a critical component of sustainable agriculture; it guarantees both the optimal supply of nutrients that plants need and the minimization of environmental impact.<\/p><p>However, Turkish territory is involved in most areas.\u00a0<strong><b>It is poor in organic matter.<\/b><\/strong>. This situation makes it difficult for plants to use nutrients efficiently and negatively affects the biological balance of the soil. This is where the problem lies.\u00a0<strong><b>biofertilizers<\/b><\/strong>, It offers an important solution for improving soil health and supporting plant growth.<\/p>\t\t\t\t\t\t\t\t<\/div>\n\t\t\t\t<\/div>\n\t\t<div class=\"elementor-element elementor-element-68f82025 e-con-full e-flex e-con e-child\" data-id=\"68f82025\" data-element_type=\"container\">\n\t\t\t\t<div class=\"elementor-element elementor-element-43d60157 elementor-widget elementor-widget-theme-post-featured-image elementor-widget-image\" data-id=\"43d60157\" data-element_type=\"widget\" data-settings=\"{&quot;ekit_we_effect_on&quot;:&quot;none&quot;}\" data-widget_type=\"theme-post-featured-image.default\">\n\t\t\t\t\t\t\t\t\t\t\t\t\t\t\t<img fetchpriority=\"high\" decoding=\"async\" width=\"370\" height=\"258\" src=\"https:\/\/rootbac.com\/wp-content\/uploads\/2025\/10\/Gelecegin-Gubre-Teknolojisi-2.jpg\" class=\"attachment-full size-full wp-image-283\" alt=\"\" srcset=\"https:\/\/rootbac.com\/wp-content\/uploads\/2025\/10\/Gelecegin-Gubre-Teknolojisi-2.jpg 370w, https:\/\/rootbac.com\/wp-content\/uploads\/2025\/10\/Gelecegin-Gubre-Teknolojisi-2-300x209.jpg 300w\" sizes=\"(max-width: 370px) 100vw, 370px\" \/>\t\t\t\t\t\t\t\t\t\t\t\t\t\t\t<\/div>\n\t\t\t\t<\/div>\n\t\t\t\t\t<\/div>\n\t\t\t\t<\/div>\n\t\t<div class=\"elementor-element elementor-element-6f0b17f e-flex e-con-boxed e-con e-parent\" data-id=\"6f0b17f\" data-element_type=\"container\">\n\t\t\t\t\t<div class=\"e-con-inner\">\n\t\t\t\t<div class=\"elementor-element elementor-element-10d3b4f4 elementor-widget elementor-widget-text-editor\" data-id=\"10d3b4f4\" data-element_type=\"widget\" data-settings=\"{&quot;ekit_we_effect_on&quot;:&quot;none&quot;}\" data-widget_type=\"text-editor.default\">\n\t\t\t\t\t\t\t\t\t<p><strong><b>Biofertilizers and Soil Health<\/b><\/strong><\/p><p>Biofertilizers incorporate beneficial microorganisms into the soil that improve the nutritional status of plants and increase their accessibility. Bacteria, in particular, play a protective role in plants, enhancing defense responses and acting as key players in addressing iron deficiency or phosphorus dissolution. Thus, plant-associated microorganisms support plant growth regardless of natural or extreme conditions.<\/p><p>When the soil microbial community is disrupted, the number of beneficial microorganisms decreases; this leads to the disruption of soil ecosystem functions, the proliferation of pathogens, and negative effects on plant growth. Increasing the number of beneficial microorganisms effectively supports plant growth and development.<\/p><p><strong><b>The Contribution of Biofertilizers to Plants<\/b><\/strong><\/p><p>Research shows that microorganisms in biofertilizers provide essential nutrients to increase plant yield. These microorganisms enhance plant tolerance to abiotic stresses such as floods, water scarcity, and excessive salinity; they also support plants in combating biotic stresses.<\/p><p>Some microbial fertilizers promote plant growth through the production of plant hormones. Hormones such as auxins, cytokinins, and gibberellins improve plant development and quality directly or indirectly.<\/p><p>Thanks to microbial fertilizers, agriculture now not only increases yield but also revitalizes the soil and creates a sustainable ecosystem.\u00a0<strong><b>The fertilizer technology of the future<\/b><\/strong>, It strengthens the natural cycle of soil and plant, starting with each seed, and creates a healthier, more resilient, and more productive agricultural environment.<\/p>\t\t\t\t\t\t\t\t<\/div>\n\t\t\t\t\t<\/div>\n\t\t\t\t<\/div>\n\t\t\t\t<\/div>\n\t\t\n    <div class=\"xs_social_share_widget xs_share_url after_content \t\tmain_content  wslu-style-1 wslu-share-box-shaped wslu-fill-colored wslu-none wslu-share-horizontal wslu-theme-font-no wslu-main_content\">\n\n\t\t\n        <ul>\n\t\t\t        <\/ul>\n    <\/div>","protected":false},"excerpt":{"rendered":"<p>Gelece\u011fin G\u00fcbre Teknolojisi G\u00fcbrelerin verimli kullan\u0131m\u0131, s\u00fcrd\u00fcr\u00fclebilir tar\u0131m\u0131n kritik bir bile\u015fenidir; hem bitkilerin ihtiya\u00e7 duydu\u011fu besin maddelerinin optimum d\u00fczeyde sa\u011flanmas\u0131n\u0131 hem de \u00e7evresel etkilerin en aza indirilmesini garanti eder. Ancak, T\u00fcrkiye topraklar\u0131 \u00e7o\u011fu b\u00f6lgede\u00a0organik madde bak\u0131m\u0131ndan fakirdir. Bu durum, bitkilerin besin maddelerini verimli kullanmas\u0131n\u0131 zorla\u015ft\u0131r\u0131r ve topra\u011f\u0131n biyolojik dengesini olumsuz etkiler. \u0130\u015fte bu noktada\u00a0biyog\u00fcbreler, topra\u011f\u0131n [&hellip;]<\/p>","protected":false},"author":1,"featured_media":0,"parent":0,"menu_order":0,"comment_status":"closed","ping_status":"closed","template":"","meta":{"postBodyCss":"","postBodyMargin":[],"postBodyPadding":[],"postBodyBackground":{"backgroundType":"classic","gradient":""},"footnotes":""},"class_list":["post-496","page","type-page","status-publish","hentry"],"_links":{"self":[{"href":"https:\/\/rootbac.com\/en\/wp-json\/wp\/v2\/pages\/496","targetHints":{"allow":["GET"]}}],"collection":[{"href":"https:\/\/rootbac.com\/en\/wp-json\/wp\/v2\/pages"}],"about":[{"href":"https:\/\/rootbac.com\/en\/wp-json\/wp\/v2\/types\/page"}],"author":[{"embeddable":true,"href":"https:\/\/rootbac.com\/en\/wp-json\/wp\/v2\/users\/1"}],"replies":[{"embeddable":true,"href":"https:\/\/rootbac.com\/en\/wp-json\/wp\/v2\/comments?post=496"}],"version-history":[{"count":5,"href":"https:\/\/rootbac.com\/en\/wp-json\/wp\/v2\/pages\/496\/revisions"}],"predecessor-version":[{"id":504,"href":"https:\/\/rootbac.com\/en\/wp-json\/wp\/v2\/pages\/496\/revisions\/504"}],"wp:attachment":[{"href":"https:\/\/rootbac.com\/en\/wp-json\/wp\/v2\/media?parent=496"}],"curies":[{"name":"wp","href":"https:\/\/api.w.org\/{rel}","templated":true}]}}