{"id":483,"date":"2025-10-31T13:07:52","date_gmt":"2025-10-31T13:07:52","guid":{"rendered":"https:\/\/rootbac.com\/?page_id=483"},"modified":"2025-10-31T13:14:10","modified_gmt":"2025-10-31T13:14:10","slug":"surdurulebilir-tarimin-yeni-donemi","status":"publish","type":"page","link":"https:\/\/rootbac.com\/en\/surdurulebilir-tarimin-yeni-donemi\/","title":{"rendered":"The New Era of Sustainable Agriculture"},"content":{"rendered":"<div data-elementor-type=\"wp-page\" data-elementor-id=\"483\" class=\"elementor elementor-483\" data-elementor-post-type=\"page\">\n\t\t\t\t<div class=\"elementor-element elementor-element-9de5245 e-flex e-con-boxed e-con e-parent\" data-id=\"9de5245\" data-element_type=\"container\">\n\t\t\t\t\t<div class=\"e-con-inner\">\n\t\t<div class=\"elementor-element elementor-element-42f90d2 e-con-full e-flex e-con e-child\" data-id=\"42f90d2\" data-element_type=\"container\">\n\t\t\t\t<div class=\"elementor-element elementor-element-91f8d68 elementor-widget elementor-widget-elementskit-heading\" data-id=\"91f8d68\" data-element_type=\"widget\" data-settings=\"{&quot;ekit_we_effect_on&quot;:&quot;none&quot;}\" data-widget_type=\"elementskit-heading.default\">\n\t\t\t\t\t<div class=\"ekit-wid-con\" ><div class=\"ekit-heading elementskit-section-title-wraper text_left   ekit_heading_tablet-   ekit_heading_mobile-\"><h2 class=\"ekit-heading--title elementskit-section-title\"> Sustainable Agriculture <span><span>New Era<\/span><\/span><\/h2><div class=\"ekit_heading_separetor_wraper ekit_heading_elementskit-border-divider ekit-dotted\"><div class=\"elementskit-border-divider ekit-dotted\"><\/div><\/div><\/div><\/div>\t\t\t\t<\/div>\n\t\t\t\t<div class=\"elementor-element elementor-element-9faba1d elementor-widget elementor-widget-text-editor\" data-id=\"9faba1d\" data-element_type=\"widget\" data-settings=\"{&quot;ekit_we_effect_on&quot;:&quot;none&quot;}\" data-widget_type=\"text-editor.default\">\n\t\t\t\t\t\t\t\t\t<p>Modern agriculture is under pressure to increase yields due to growing population and food demand. While the intensive use of chemical fertilizers may increase production in the short term, it damages soil health in the long term, leading to heavy metal accumulation, organic matter loss, and reduced microbial diversity. Today, the concept of sustainable agriculture emphasizes that soil should be protected not as a &quot;tool for production,&quot; but as a living ecosystem.<\/p>\t\t\t\t\t\t\t\t<\/div>\n\t\t\t\t<\/div>\n\t\t<div class=\"elementor-element elementor-element-3584970 e-con-full e-flex e-con e-child\" data-id=\"3584970\" data-element_type=\"container\">\n\t\t\t\t<div class=\"elementor-element elementor-element-c0e70c6 elementor-widget elementor-widget-theme-post-featured-image elementor-widget-image\" data-id=\"c0e70c6\" data-element_type=\"widget\" data-settings=\"{&quot;ekit_we_effect_on&quot;:&quot;none&quot;}\" data-widget_type=\"theme-post-featured-image.default\">\n\t\t\t\t\t\t\t\t\t\t\t\t\t\t\t<img fetchpriority=\"high\" decoding=\"async\" width=\"370\" height=\"258\" src=\"https:\/\/rootbac.com\/wp-content\/uploads\/2025\/10\/Surdurulebilir-Tarimin-Yeni-Done.jpg\" class=\"attachment-full size-full wp-image-280\" alt=\"\" srcset=\"https:\/\/rootbac.com\/wp-content\/uploads\/2025\/10\/Surdurulebilir-Tarimin-Yeni-Done.jpg 370w, https:\/\/rootbac.com\/wp-content\/uploads\/2025\/10\/Surdurulebilir-Tarimin-Yeni-Done-300x209.jpg 300w\" sizes=\"(max-width: 370px) 100vw, 370px\" \/>\t\t\t\t\t\t\t\t\t\t\t\t\t\t\t<\/div>\n\t\t\t\t<\/div>\n\t\t\t\t\t<\/div>\n\t\t\t\t<\/div>\n\t\t<div class=\"elementor-element elementor-element-f7a0091 e-flex e-con-boxed e-con e-parent\" data-id=\"f7a0091\" data-element_type=\"container\">\n\t\t\t\t\t<div class=\"e-con-inner\">\n\t\t\t\t<div class=\"elementor-element elementor-element-3779207 elementor-widget elementor-widget-text-editor\" data-id=\"3779207\" data-element_type=\"widget\" data-settings=\"{&quot;ekit_we_effect_on&quot;:&quot;none&quot;}\" data-widget_type=\"text-editor.default\">\n\t\t\t\t\t\t\t\t\t<p>At this point, biofertilizers stand out as innovative solutions that both restore soil health and increase productivity in plant production through natural means. Biofertilizers contain beneficial microorganisms that promote plant growth, increase their resistance to stress conditions, and make unused nutrients available to the plant. In particular...\u00a0<em><i>Bacillus<\/i><\/em>\u00a0types (<em><i>B. subtilis, B. licheniformis, B. pumilus, B. methylotrophicus<\/i><\/em>Resilient bacterial species, such as those mentioned, have multifaceted effects in agricultural ecosystems.<\/p><p>These natural mechanisms protect the environment and soil biota while making the use of chemical fertilizers sustainable.<\/p><p>In addition, the use of biofertilizers supports sustainable agriculture in terms of pesticide resistance, residue management, and crop yield:<\/p><ul><li><b><\/b><strong><b>Pesticide Resistance:<\/b><\/strong>Pests can develop resistance to conventional chemical pesticides; biofertilizer solutions help reduce this resistance.<\/li><li><b><\/b><strong><b>Residue Management:<\/b><\/strong>Reducing pesticide residue is critical for market access and supply.<\/li><li><b><\/b><strong><b>Efficiency and Quality:<\/b><\/strong>It counteracts the negative effects of chemical fertilizers, naturally increasing crop quality and yield.<\/li><\/ul><p>The regular use of biofertilizers leads to significant increases in product quality and yield per unit area. The agriculture of the future is built on biotechnological solutions that aim to produce without harming nature and by supporting natural processes. Biofertilizers are at the heart of this transformation; because a sustainable future begins with living soil.<\/p>\t\t\t\t\t\t\t\t<\/div>\n\t\t\t\t\t<\/div>\n\t\t\t\t<\/div>\n\t\t\t\t<\/div>\n\t\t\n    <div class=\"xs_social_share_widget xs_share_url after_content \t\tmain_content  wslu-style-1 wslu-share-box-shaped wslu-fill-colored wslu-none wslu-share-horizontal wslu-theme-font-no wslu-main_content\">\n\n\t\t\n        <ul>\n\t\t\t        <\/ul>\n    <\/div>","protected":false},"excerpt":{"rendered":"<p>S\u00fcrd\u00fcr\u00fclebilir Tar\u0131m\u0131n Yeni D\u00f6nemi Modern tar\u0131m, artan n\u00fcfus ve g\u0131da talebiyle birlikte verim art\u0131\u015f\u0131 bask\u0131s\u0131 alt\u0131ndad\u0131r. Bu s\u00fcre\u00e7te kimyasal g\u00fcbrelerin yo\u011fun kullan\u0131m\u0131 k\u0131sa vadede \u00fcretimi art\u0131rsa da, uzun vadede toprak sa\u011fl\u0131\u011f\u0131n\u0131 bozmakta; a\u011f\u0131r metal birikimine, organik madde kayb\u0131na ve mikrobiyal \u00e7e\u015fitlili\u011fin azalmas\u0131na yol a\u00e7maktad\u0131r. G\u00fcn\u00fcm\u00fczde s\u00fcrd\u00fcr\u00fclebilir tar\u0131m anlay\u0131\u015f\u0131, topra\u011f\u0131n bir \u201c\u00fcretim arac\u0131\u201d de\u011fil, canl\u0131 bir [&hellip;]<\/p>","protected":false},"author":1,"featured_media":0,"parent":0,"menu_order":0,"comment_status":"closed","ping_status":"closed","template":"","meta":{"postBodyCss":"","postBodyMargin":[],"postBodyPadding":[],"postBodyBackground":{"backgroundType":"classic","gradient":""},"footnotes":""},"class_list":["post-483","page","type-page","status-publish","hentry"],"_links":{"self":[{"href":"https:\/\/rootbac.com\/en\/wp-json\/wp\/v2\/pages\/483","targetHints":{"allow":["GET"]}}],"collection":[{"href":"https:\/\/rootbac.com\/en\/wp-json\/wp\/v2\/pages"}],"about":[{"href":"https:\/\/rootbac.com\/en\/wp-json\/wp\/v2\/types\/page"}],"author":[{"embeddable":true,"href":"https:\/\/rootbac.com\/en\/wp-json\/wp\/v2\/users\/1"}],"replies":[{"embeddable":true,"href":"https:\/\/rootbac.com\/en\/wp-json\/wp\/v2\/comments?post=483"}],"version-history":[{"count":4,"href":"https:\/\/rootbac.com\/en\/wp-json\/wp\/v2\/pages\/483\/revisions"}],"predecessor-version":[{"id":487,"href":"https:\/\/rootbac.com\/en\/wp-json\/wp\/v2\/pages\/483\/revisions\/487"}],"wp:attachment":[{"href":"https:\/\/rootbac.com\/en\/wp-json\/wp\/v2\/media?parent=483"}],"curies":[{"name":"wp","href":"https:\/\/api.w.org\/{rel}","templated":true}]}}