{"id":435,"date":"2025-10-31T11:41:10","date_gmt":"2025-10-31T11:41:10","guid":{"rendered":"https:\/\/rootbac.com\/?page_id=435"},"modified":"2025-11-04T07:35:04","modified_gmt":"2025-11-04T07:35:04","slug":"x-sono","status":"publish","type":"page","link":"https:\/\/rootbac.com\/en\/x-sono\/","title":{"rendered":"X-Sono"},"content":{"rendered":"<div data-elementor-type=\"wp-page\" data-elementor-id=\"435\" class=\"elementor elementor-435\" data-elementor-post-type=\"page\">\n\t\t\t\t<div class=\"elementor-element elementor-element-70dd622a e-flex e-con-boxed e-con e-parent\" data-id=\"70dd622a\" data-element_type=\"container\" data-settings=\"{&quot;background_background&quot;:&quot;classic&quot;}\">\n\t\t\t\t\t<div class=\"e-con-inner\">\n\t\t\t\t<div class=\"elementor-element elementor-element-37db6e43 elementor-icon-list--layout-inline elementor-list-item-link-full_width elementor-widget elementor-widget-icon-list\" data-id=\"37db6e43\" data-element_type=\"widget\" data-settings=\"{&quot;ekit_we_effect_on&quot;:&quot;none&quot;}\" data-widget_type=\"icon-list.default\">\n\t\t\t\t\t\t\t<ul class=\"elementor-icon-list-items elementor-inline-items\">\n\t\t\t\t\t\t\t<li class=\"elementor-icon-list-item elementor-inline-item\">\n\t\t\t\t\t\t\t\t\t\t\t<a href=\"https:\/\/rootbac.com\/en\/bcc-cultuur-8200\/\">\n\n\t\t\t\t\t\t\t\t\t\t\t<span class=\"elementor-icon-list-text\">BCC Culture 8200<\/span>\n\t\t\t\t\t\t\t\t\t\t\t<\/a>\n\t\t\t\t\t\t\t\t\t<\/li>\n\t\t\t\t\t\t\t\t<li class=\"elementor-icon-list-item elementor-inline-item\">\n\t\t\t\t\t\t\t\t\t\t\t<a href=\"https:\/\/rootbac.com\/en\/x-sono\/\">\n\n\t\t\t\t\t\t\t\t\t\t\t<span class=\"elementor-icon-list-text\">X-Sono<\/span>\n\t\t\t\t\t\t\t\t\t\t\t<\/a>\n\t\t\t\t\t\t\t\t\t<\/li>\n\t\t\t\t\t\t<\/ul>\n\t\t\t\t\t\t<\/div>\n\t\t\t\t\t<\/div>\n\t\t\t\t<\/div>\n\t\t<div class=\"elementor-element elementor-element-c1de048 e-flex e-con-boxed e-con e-parent\" data-id=\"c1de048\" data-element_type=\"container\" data-settings=\"{&quot;background_background&quot;:&quot;classic&quot;}\">\n\t\t\t\t\t<div class=\"e-con-inner\">\n\t\t<div class=\"elementor-element elementor-element-421854ad e-con-full e-flex e-con e-child\" data-id=\"421854ad\" data-element_type=\"container\">\n\t\t\t\t<div class=\"elementor-element elementor-element-413741c3 elementor-widget elementor-widget-elementskit-heading\" data-id=\"413741c3\" data-element_type=\"widget\" data-settings=\"{&quot;ekit_we_effect_on&quot;:&quot;none&quot;}\" data-widget_type=\"elementskit-heading.default\">\n\t\t\t\t\t<div class=\"ekit-wid-con\" ><div class=\"ekit-heading elementskit-section-title-wraper text_left   ekit_heading_tablet-   ekit_heading_mobile-\"><h2 class=\"ekit-heading--title elementskit-section-title\"><span><span>X<\/span><\/span>-Sono<\/h2><div class=\"ekit_heading_separetor_wraper ekit_heading_elementskit-border-divider ekit-dotted\"><div class=\"elementskit-border-divider ekit-dotted\"><\/div><\/div><\/div><\/div>\t\t\t\t<\/div>\n\t\t\t\t<div class=\"elementor-element elementor-element-58b1b85a elementor-widget elementor-widget-text-editor\" data-id=\"58b1b85a\" data-element_type=\"widget\" data-settings=\"{&quot;ekit_we_effect_on&quot;:&quot;none&quot;}\" data-widget_type=\"text-editor.default\">\n\t\t\t\t\t\t\t\t\t<p><strong>Advantages<\/strong><\/p><ul><li>It provides higher crop yields.<\/li><li>It increases the uptake of nutrients with low mobility, such as phosphorus, by the plant.<\/li><li>It supports the plant&#039;s resistance to stress during seedling planting and transplanting periods.<\/li><li>Early applications promote strong and healthy root development.<\/li><li>It improves the overall health of the plant and increases its resistance to environmental stressors (drought, cold, heat, etc.).<\/li><li>It maximizes the effectiveness of applied fertilizers, especially phosphorus.<\/li><li>It improves tolerance to drought conditions.<\/li><\/ul>\t\t\t\t\t\t\t\t<\/div>\n\t\t\t\t<\/div>\n\t\t<div class=\"elementor-element elementor-element-513e131f e-con-full e-flex e-con e-child\" data-id=\"513e131f\" data-element_type=\"container\">\n\t\t\t\t<div class=\"elementor-element elementor-element-6074a8da elementor-widget-divider--view-line elementor-widget elementor-widget-divider\" data-id=\"6074a8da\" data-element_type=\"widget\" data-settings=\"{&quot;ekit_we_effect_on&quot;:&quot;none&quot;}\" data-widget_type=\"divider.default\">\n\t\t\t\t\t\t\t<div class=\"elementor-divider\">\n\t\t\t<span class=\"elementor-divider-separator\">\n\t\t\t\t\t\t<\/span>\n\t\t<\/div>\n\t\t\t\t\t\t<\/div>\n\t\t<div class=\"elementor-element elementor-element-1c4ef499 e-con-full e-flex e-con e-child\" data-id=\"1c4ef499\" data-element_type=\"container\">\n\t\t<div class=\"elementor-element elementor-element-767ce808 e-con-full e-flex e-con e-child\" data-id=\"767ce808\" data-element_type=\"container\">\n\t\t\t\t<div class=\"elementor-element elementor-element-75431c1c elementor-position-top elementor-widget elementor-widget-image-box\" data-id=\"75431c1c\" data-element_type=\"widget\" data-settings=\"{&quot;ekit_we_effect_on&quot;:&quot;none&quot;}\" data-widget_type=\"image-box.default\">\n\t\t\t\t\t<div class=\"elementor-image-box-wrapper\"><figure class=\"elementor-image-box-img\"><img decoding=\"async\" width=\"72\" height=\"161\" src=\"https:\/\/rootbac.com\/wp-content\/uploads\/2025\/10\/sebzeler.png\" class=\"attachment-full size-full wp-image-356\" alt=\"\" \/><\/figure><div class=\"elementor-image-box-content\"><h3 class=\"elementor-image-box-title\">Vegetables<\/h3><\/div><\/div>\t\t\t\t<\/div>\n\t\t\t\t<\/div>\n\t\t<div class=\"elementor-element elementor-element-4ee205af e-con-full e-flex e-con e-child\" data-id=\"4ee205af\" data-element_type=\"container\">\n\t\t\t\t<div class=\"elementor-element elementor-element-e7866f7 elementor-position-top elementor-widget elementor-widget-image-box\" data-id=\"e7866f7\" data-element_type=\"widget\" data-settings=\"{&quot;ekit_we_effect_on&quot;:&quot;none&quot;}\" data-widget_type=\"image-box.default\">\n\t\t\t\t\t<div class=\"elementor-image-box-wrapper\"><figure class=\"elementor-image-box-img\"><img fetchpriority=\"high\" decoding=\"async\" width=\"1000\" height=\"1000\" src=\"https:\/\/rootbac.com\/wp-content\/uploads\/2025\/10\/meyve-agci.png\" class=\"attachment-full size-full wp-image-357\" alt=\"\" srcset=\"https:\/\/rootbac.com\/wp-content\/uploads\/2025\/10\/meyve-agci.png 1000w, https:\/\/rootbac.com\/wp-content\/uploads\/2025\/10\/meyve-agci-300x300.png 300w, https:\/\/rootbac.com\/wp-content\/uploads\/2025\/10\/meyve-agci-150x150.png 150w, https:\/\/rootbac.com\/wp-content\/uploads\/2025\/10\/meyve-agci-768x768.png 768w\" sizes=\"(max-width: 1000px) 100vw, 1000px\" \/><\/figure><div class=\"elementor-image-box-content\"><h3 class=\"elementor-image-box-title\">fruit trees<\/h3><\/div><\/div>\t\t\t\t<\/div>\n\t\t\t\t<\/div>\n\t\t<div class=\"elementor-element elementor-element-3b5b4ca2 e-con-full e-flex e-con e-child\" data-id=\"3b5b4ca2\" data-element_type=\"container\">\n\t\t\t\t<div class=\"elementor-element elementor-element-5dd4def5 elementor-position-top elementor-widget elementor-widget-image-box\" data-id=\"5dd4def5\" data-element_type=\"widget\" data-settings=\"{&quot;ekit_we_effect_on&quot;:&quot;none&quot;}\" data-widget_type=\"image-box.default\">\n\t\t\t\t\t<div class=\"elementor-image-box-wrapper\"><figure class=\"elementor-image-box-img\"><img decoding=\"async\" width=\"1000\" height=\"1000\" src=\"https:\/\/rootbac.com\/wp-content\/uploads\/2025\/10\/bag.png\" class=\"attachment-full size-full wp-image-360\" alt=\"\" srcset=\"https:\/\/rootbac.com\/wp-content\/uploads\/2025\/10\/bag.png 1000w, https:\/\/rootbac.com\/wp-content\/uploads\/2025\/10\/bag-300x300.png 300w, https:\/\/rootbac.com\/wp-content\/uploads\/2025\/10\/bag-150x150.png 150w, https:\/\/rootbac.com\/wp-content\/uploads\/2025\/10\/bag-768x768.png 768w\" sizes=\"(max-width: 1000px) 100vw, 1000px\" \/><\/figure><div class=\"elementor-image-box-content\"><h3 class=\"elementor-image-box-title\">Vineyards<\/h3><\/div><\/div>\t\t\t\t<\/div>\n\t\t\t\t<\/div>\n\t\t\t\t<\/div>\n\t\t<div class=\"elementor-element elementor-element-3a9dd41b e-con-full e-flex e-con e-child\" data-id=\"3a9dd41b\" data-element_type=\"container\">\n\t\t<div class=\"elementor-element elementor-element-34ffc73d e-con-full e-flex e-con e-child\" data-id=\"34ffc73d\" data-element_type=\"container\">\n\t\t\t\t<div class=\"elementor-element elementor-element-70f4d1d1 elementor-position-top elementor-widget elementor-widget-image-box\" data-id=\"70f4d1d1\" data-element_type=\"widget\" data-settings=\"{&quot;ekit_we_effect_on&quot;:&quot;none&quot;}\" data-widget_type=\"image-box.default\">\n\t\t\t\t\t<div class=\"elementor-image-box-wrapper\"><figure class=\"elementor-image-box-img\"><img loading=\"lazy\" decoding=\"async\" width=\"1000\" height=\"811\" src=\"https:\/\/rootbac.com\/wp-content\/uploads\/2025\/10\/baklagiller.png\" class=\"attachment-full size-full wp-image-359\" alt=\"\" srcset=\"https:\/\/rootbac.com\/wp-content\/uploads\/2025\/10\/baklagiller.png 1000w, https:\/\/rootbac.com\/wp-content\/uploads\/2025\/10\/baklagiller-300x243.png 300w, https:\/\/rootbac.com\/wp-content\/uploads\/2025\/10\/baklagiller-768x623.png 768w\" sizes=\"(max-width: 1000px) 100vw, 1000px\" \/><\/figure><div class=\"elementor-image-box-content\"><h3 class=\"elementor-image-box-title\">Legumes<\/h3><\/div><\/div>\t\t\t\t<\/div>\n\t\t\t\t<\/div>\n\t\t<div class=\"elementor-element elementor-element-3d5dd398 e-con-full e-flex e-con e-child\" data-id=\"3d5dd398\" data-element_type=\"container\">\n\t\t\t\t<div class=\"elementor-element elementor-element-4d16be0 elementor-position-top elementor-widget elementor-widget-image-box\" data-id=\"4d16be0\" data-element_type=\"widget\" data-settings=\"{&quot;ekit_we_effect_on&quot;:&quot;none&quot;}\" data-widget_type=\"image-box.default\">\n\t\t\t\t\t<div class=\"elementor-image-box-wrapper\"><figure class=\"elementor-image-box-img\"><img loading=\"lazy\" decoding=\"async\" width=\"609\" height=\"1000\" src=\"https:\/\/rootbac.com\/wp-content\/uploads\/2025\/10\/fidan.png\" class=\"attachment-full size-full wp-image-358\" alt=\"\" srcset=\"https:\/\/rootbac.com\/wp-content\/uploads\/2025\/10\/fidan.png 609w, https:\/\/rootbac.com\/wp-content\/uploads\/2025\/10\/fidan-183x300.png 183w\" sizes=\"(max-width: 609px) 100vw, 609px\" \/><\/figure><div class=\"elementor-image-box-content\"><h3 class=\"elementor-image-box-title\">Seedlings\/Young saplings<\/h3><\/div><\/div>\t\t\t\t<\/div>\n\t\t\t\t<\/div>\n\t\t<div class=\"elementor-element elementor-element-45488cfe e-con-full elementor-hidden-mobile e-flex e-con e-child\" data-id=\"45488cfe\" data-element_type=\"container\">\n\t\t\t\t<\/div>\n\t\t\t\t<\/div>\n\t\t\t\t<div class=\"elementor-element elementor-element-f697673 elementor-widget-divider--view-line elementor-widget elementor-widget-divider\" data-id=\"f697673\" data-element_type=\"widget\" data-settings=\"{&quot;ekit_we_effect_on&quot;:&quot;none&quot;}\" data-widget_type=\"divider.default\">\n\t\t\t\t\t\t\t<div class=\"elementor-divider\">\n\t\t\t<span class=\"elementor-divider-separator\">\n\t\t\t\t\t\t<\/span>\n\t\t<\/div>\n\t\t\t\t\t\t<\/div>\n\t\t<div class=\"elementor-element elementor-element-1ebcb115 e-con-full e-flex e-con e-child\" data-id=\"1ebcb115\" data-element_type=\"container\">\n\t\t\t\t<div class=\"elementor-element elementor-element-1dae3c7 elementor-icon-list--layout-inline elementor-list-item-link-full_width elementor-widget elementor-widget-icon-list\" data-id=\"1dae3c7\" data-element_type=\"widget\" data-settings=\"{&quot;ekit_we_effect_on&quot;:&quot;none&quot;}\" data-widget_type=\"icon-list.default\">\n\t\t\t\t\t\t\t<ul class=\"elementor-icon-list-items elementor-inline-items\">\n\t\t\t\t\t\t\t<li class=\"elementor-icon-list-item elementor-inline-item\">\n\t\t\t\t\t\t\t\t\t\t\t<a href=\"https:\/\/rootbac.com\/wp-content\/uploads\/2025\/10\/Rootbac-Org.-Tescil-Belgesi-23.09.2025-X-SONO.pdf\">\n\n\t\t\t\t\t\t\t\t\t\t\t<span class=\"elementor-icon-list-text\">Registration Certificate<\/span>\n\t\t\t\t\t\t\t\t\t\t\t<\/a>\n\t\t\t\t\t\t\t\t\t<\/li>\n\t\t\t\t\t\t\t\t<li class=\"elementor-icon-list-item elementor-inline-item\">\n\t\t\t\t\t\t\t\t\t\t<span class=\"elementor-icon-list-text\">Ticket<\/span>\n\t\t\t\t\t\t\t\t\t<\/li>\n\t\t\t\t\t\t<\/ul>\n\t\t\t\t\t\t<\/div>\n\t\t\t\t<\/div>\n\t\t\t\t<\/div>\n\t\t\t\t\t<\/div>\n\t\t\t\t<\/div>\n\t\t<div class=\"elementor-element elementor-element-44542d42 e-flex e-con-boxed e-con e-parent\" data-id=\"44542d42\" data-element_type=\"container\" data-settings=\"{&quot;background_background&quot;:&quot;classic&quot;}\">\n\t\t\t\t\t<div class=\"e-con-inner\">\n\t\t<div class=\"elementor-element elementor-element-434dcf25 e-con-full e-flex e-con e-child\" data-id=\"434dcf25\" data-element_type=\"container\">\n\t\t<div class=\"elementor-element elementor-element-65b02652 e-flex e-con-boxed e-con e-child\" data-id=\"65b02652\" data-element_type=\"container\" data-settings=\"{&quot;background_background&quot;:&quot;classic&quot;}\">\n\t\t\t\t\t<div class=\"e-con-inner\">\n\t\t\t\t<div class=\"elementor-element elementor-element-8d2c65c elementor-widget elementor-widget-heading\" data-id=\"8d2c65c\" data-element_type=\"widget\" data-settings=\"{&quot;ekit_we_effect_on&quot;:&quot;none&quot;}\" data-widget_type=\"heading.default\">\n\t\t\t\t\t<h2 class=\"elementor-heading-title elementor-size-default\">Guaranteed Content<\/h2>\t\t\t\t<\/div>\n\t\t\t\t<div class=\"elementor-element elementor-element-35c77a27 elementor-widget-divider--view-line elementor-widget elementor-widget-divider\" data-id=\"35c77a27\" data-element_type=\"widget\" data-settings=\"{&quot;ekit_we_effect_on&quot;:&quot;none&quot;}\" data-widget_type=\"divider.default\">\n\t\t\t\t\t\t\t<div class=\"elementor-divider\">\n\t\t\t<span class=\"elementor-divider-separator\">\n\t\t\t\t\t\t<\/span>\n\t\t<\/div>\n\t\t\t\t\t\t<\/div>\n\t\t\t\t<div class=\"elementor-element elementor-element-0b21ae0 elementor-widget elementor-widget-heading\" data-id=\"0b21ae0\" data-element_type=\"widget\" data-settings=\"{&quot;ekit_we_effect_on&quot;:&quot;none&quot;}\" data-widget_type=\"heading.default\">\n\t\t\t\t\t<h2 class=\"elementor-heading-title elementor-size-default\">Total Living Organisms<\/h2>\t\t\t\t<\/div>\n\t\t\t\t<div class=\"elementor-element elementor-element-83697a0 elementor-widget elementor-widget-text-editor\" data-id=\"83697a0\" data-element_type=\"widget\" data-settings=\"{&quot;ekit_we_effect_on&quot;:&quot;none&quot;}\" data-widget_type=\"text-editor.default\">\n\t\t\t\t\t\t\t\t\t<p><em><strong>\u00a01 x 10<sup>9<\/sup>\u00a0cfu \/ g<\/strong><\/em><\/p>\t\t\t\t\t\t\t\t<\/div>\n\t\t\t\t<div class=\"elementor-element elementor-element-1e1ccd51 elementor-widget-divider--view-line elementor-widget elementor-widget-divider\" data-id=\"1e1ccd51\" data-element_type=\"widget\" data-settings=\"{&quot;ekit_we_effect_on&quot;:&quot;none&quot;}\" data-widget_type=\"divider.default\">\n\t\t\t\t\t\t\t<div class=\"elementor-divider\">\n\t\t\t<span class=\"elementor-divider-separator\">\n\t\t\t\t\t\t<\/span>\n\t\t<\/div>\n\t\t\t\t\t\t<\/div>\n\t\t\t\t<div class=\"elementor-element elementor-element-7a60384 elementor-widget elementor-widget-heading\" data-id=\"7a60384\" data-element_type=\"widget\" data-settings=\"{&quot;ekit_we_effect_on&quot;:&quot;none&quot;}\" data-widget_type=\"heading.default\">\n\t\t\t\t\t<h2 class=\"elementor-heading-title elementor-size-default\">Organisms it contains<\/h2>\t\t\t\t<\/div>\n\t\t\t\t<div class=\"elementor-element elementor-element-1dbd8f71 elementor-widget elementor-widget-text-editor\" data-id=\"1dbd8f71\" data-element_type=\"widget\" data-settings=\"{&quot;ekit_we_effect_on&quot;:&quot;none&quot;}\" data-widget_type=\"text-editor.default\">\n\t\t\t\t\t\t\t\t\t<p><em><strong>Bacillus subtilis<\/strong><\/em><\/p>\t\t\t\t\t\t\t\t<\/div>\n\t\t\t\t<div class=\"elementor-element elementor-element-3be306a6 elementor-widget-divider--view-line elementor-widget elementor-widget-divider\" data-id=\"3be306a6\" data-element_type=\"widget\" data-settings=\"{&quot;ekit_we_effect_on&quot;:&quot;none&quot;}\" data-widget_type=\"divider.default\">\n\t\t\t\t\t\t\t<div class=\"elementor-divider\">\n\t\t\t<span class=\"elementor-divider-separator\">\n\t\t\t\t\t\t<\/span>\n\t\t<\/div>\n\t\t\t\t\t\t<\/div>\n\t\t\t\t<div class=\"elementor-element elementor-element-d483623 elementor-widget elementor-widget-text-editor\" data-id=\"d483623\" data-element_type=\"widget\" data-settings=\"{&quot;ekit_we_effect_on&quot;:&quot;none&quot;}\" data-widget_type=\"text-editor.default\">\n\t\t\t\t\t\t\t\t\t<p><em><strong>pH Range 4.5 \u2013 6.5<\/strong><\/em><\/p>\t\t\t\t\t\t\t\t<\/div>\n\t\t\t\t\t<\/div>\n\t\t\t\t<\/div>\n\t\t\t\t<\/div>\n\t\t<div class=\"elementor-element elementor-element-6394d87a e-con-full e-flex e-con e-child\" data-id=\"6394d87a\" data-element_type=\"container\">\n\t\t\t\t<div class=\"elementor-element elementor-element-1691e264 elementor-widget elementor-widget-image\" data-id=\"1691e264\" data-element_type=\"widget\" data-settings=\"{&quot;ekit_we_effect_on&quot;:&quot;none&quot;}\" data-widget_type=\"image.default\">\n\t\t\t\t\t\t\t\t\t\t\t\t\t\t\t<img loading=\"lazy\" decoding=\"async\" width=\"1480\" height=\"1084\" src=\"https:\/\/rootbac.com\/wp-content\/uploads\/2025\/10\/X-Sono-GORSEL.jpg\" class=\"attachment-full size-full wp-image-439\" alt=\"\" srcset=\"https:\/\/rootbac.com\/wp-content\/uploads\/2025\/10\/X-Sono-GORSEL.jpg 1480w, https:\/\/rootbac.com\/wp-content\/uploads\/2025\/10\/X-Sono-GORSEL-300x220.jpg 300w, https:\/\/rootbac.com\/wp-content\/uploads\/2025\/10\/X-Sono-GORSEL-1024x750.jpg 1024w, https:\/\/rootbac.com\/wp-content\/uploads\/2025\/10\/X-Sono-GORSEL-768x563.jpg 768w\" sizes=\"(max-width: 1480px) 100vw, 1480px\" \/>\t\t\t\t\t\t\t\t\t\t\t\t\t\t\t<\/div>\n\t\t\t\t<\/div>\n\t\t\t\t\t<\/div>\n\t\t\t\t<\/div>\n\t\t<div class=\"elementor-element elementor-element-68e02616 e-flex e-con-boxed e-con e-parent\" data-id=\"68e02616\" data-element_type=\"container\" data-settings=\"{&quot;background_background&quot;:&quot;classic&quot;}\">\n\t\t\t\t\t<div class=\"e-con-inner\">\n\t\t<div class=\"elementor-element elementor-element-4d57e5f e-con-full e-flex e-con e-child\" data-id=\"4d57e5f\" data-element_type=\"container\">\n\t\t\t\t<div class=\"elementor-element elementor-element-31165d28 elementor-widget elementor-widget-elementskit-heading\" data-id=\"31165d28\" data-element_type=\"widget\" data-settings=\"{&quot;ekit_we_effect_on&quot;:&quot;none&quot;}\" data-widget_type=\"elementskit-heading.default\">\n\t\t\t\t\t<div class=\"ekit-wid-con\" ><div class=\"ekit-heading elementskit-section-title-wraper text_left   ekit_heading_tablet-   ekit_heading_mobile-\"><h2 class=\"ekit-heading--title elementskit-section-title\"><span><span>X-Sono&#039;\u2019<\/span><\/span> technical specifications of<\/h2><div class=\"ekit_heading_separetor_wraper ekit_heading_elementskit-border-divider ekit-dotted\"><div class=\"elementskit-border-divider ekit-dotted\"><\/div><\/div><\/div><\/div>\t\t\t\t<\/div>\n\t\t\t\t<div class=\"elementor-element elementor-element-3b9a8f22 elementor-widget elementor-widget-text-editor\" data-id=\"3b9a8f22\" data-element_type=\"widget\" data-settings=\"{&quot;ekit_we_effect_on&quot;:&quot;none&quot;}\" data-widget_type=\"text-editor.default\">\n\t\t\t\t\t\t\t\t\t<ul><li data-start=\"92\" data-end=\"202\"><p data-start=\"94\" data-end=\"202\">Beneficial microorganisms produce natural antibacterial and antifungal compounds that compete with pathogens.<\/p><\/li><li data-start=\"203\" data-end=\"232\"><p data-start=\"205\" data-end=\"232\">It enables root colonization.<\/p><\/li><li data-start=\"233\" data-end=\"276\"><p data-start=\"235\" data-end=\"276\">It provides efficient nitrogen fixation.<\/p><\/li><li data-start=\"277\" data-end=\"332\"><p data-start=\"279\" data-end=\"332\">It releases phosphorus that is inaccessible to plants.<\/p><\/li><li data-start=\"333\" data-end=\"413\"><p data-start=\"335\" data-end=\"413\">It produces enzymes that help break down organic matter in the root zone.<\/p><\/li><li data-start=\"414\" data-end=\"482\"><p data-start=\"416\" data-end=\"482\">It promotes metabolic activities that support plant growth.<\/p><\/li><li data-start=\"483\" data-end=\"530\"><p data-start=\"485\" data-end=\"530\">It encourages the development of lateral shoots from the roots.<\/p><\/li><li data-start=\"531\" data-end=\"562\"><p data-start=\"533\" data-end=\"562\">It increases calcium absorption.<\/p><\/li><\/ul>\t\t\t\t\t\t\t\t<\/div>\n\t\t\t\t<\/div>\n\t\t<div class=\"elementor-element elementor-element-6b67fc41 e-con-full e-flex e-con e-child\" data-id=\"6b67fc41\" data-element_type=\"container\">\n\t\t\t\t<div class=\"elementor-element elementor-element-707aef15 elementor-widget elementor-widget-elementskit-heading\" data-id=\"707aef15\" data-element_type=\"widget\" data-settings=\"{&quot;ekit_we_effect_on&quot;:&quot;none&quot;}\" data-widget_type=\"elementskit-heading.default\">\n\t\t\t\t\t<div class=\"ekit-wid-con\" ><div class=\"ekit-heading elementskit-section-title-wraper text_left   ekit_heading_tablet-   ekit_heading_mobile-\"><h2 class=\"ekit-heading--title elementskit-section-title\">Healthy Growth in the Root Zone<\/h2><div class=\"ekit_heading_separetor_wraper ekit_heading_elementskit-border-divider ekit-dotted\"><div class=\"elementskit-border-divider ekit-dotted\"><\/div><\/div><\/div><\/div>\t\t\t\t<\/div>\n\t\t\t\t<div class=\"elementor-element elementor-element-fbec72 elementor-widget elementor-widget-text-editor\" data-id=\"fbec72\" data-element_type=\"widget\" data-settings=\"{&quot;ekit_we_effect_on&quot;:&quot;none&quot;}\" data-widget_type=\"text-editor.default\">\n\t\t\t\t\t\t\t\t\t<p data-start=\"95\" data-end=\"195\"><strong data-start=\"95\" data-end=\"105\">X-Sono<\/strong>, It helps strengthen the natural defense mechanisms in the root zone of plants:<\/p><ul data-start=\"197\" data-end=\"347\"><li data-start=\"197\" data-end=\"211\"><p data-start=\"199\" data-end=\"211\"><em data-start=\"199\" data-end=\"209\">Botrytis<\/em><\/p><\/li><li data-start=\"212\" data-end=\"226\"><p data-start=\"214\" data-end=\"226\"><em data-start=\"214\" data-end=\"224\">Fusarium<\/em><\/p><\/li><li data-start=\"227\" data-end=\"251\"><p data-start=\"229\" data-end=\"251\"><em data-start=\"229\" data-end=\"249\">Rhizoctonia solani<\/em><\/p><\/li><li data-start=\"252\" data-end=\"281\"><p data-start=\"254\" data-end=\"281\"><em data-start=\"254\" data-end=\"279\">Macrophomina phaseolina<\/em><\/p><\/li><li data-start=\"282\" data-end=\"347\"><p data-start=\"284\" data-end=\"347\">It provides support against the negative effects of some nematode species.<\/p><\/li><\/ul>\t\t\t\t\t\t\t\t<\/div>\n\t\t\t\t<\/div>\n\t\t\t\t\t<\/div>\n\t\t\t\t<\/div>\n\t\t\t\t<\/div>\n\t\t\n    <div class=\"xs_social_share_widget xs_share_url after_content \t\tmain_content  wslu-style-1 wslu-share-box-shaped wslu-fill-colored wslu-none wslu-share-horizontal wslu-theme-font-no wslu-main_content\">\n\n\t\t\n        <ul>\n\t\t\t        <\/ul>\n    <\/div>","protected":false},"excerpt":{"rendered":"<p>BCC Cultuur 8200 X-Sono X-Sono Avantajlar Daha y\u00fcksek mahsul verimi sa\u011flar. Fosfor gibi hareket kabiliyeti d\u00fc\u015f\u00fck besin maddelerinin bitki taraf\u0131ndan al\u0131m\u0131n\u0131 art\u0131r\u0131r. Fide dikimi ve \u015fa\u015f\u0131rtma d\u00f6nemlerinde bitkinin strese kar\u015f\u0131 direncini destekler. Erken uygulamalarda g\u00fc\u00e7l\u00fc ve sa\u011fl\u0131kl\u0131 k\u00f6k geli\u015fimini te\u015fvik eder. Bitkinin genel sa\u011fl\u0131\u011f\u0131n\u0131 iyile\u015ftirir, \u00e7evresel stres fakt\u00f6rlerine (kurakl\u0131k, so\u011fuk, s\u0131cak vb.) kar\u015f\u0131 dayan\u0131kl\u0131l\u0131\u011f\u0131 art\u0131r\u0131r. [&hellip;]<\/p>","protected":false},"author":1,"featured_media":0,"parent":0,"menu_order":0,"comment_status":"closed","ping_status":"closed","template":"","meta":{"postBodyCss":"","postBodyMargin":[],"postBodyPadding":[],"postBodyBackground":{"backgroundType":"classic","gradient":""},"footnotes":""},"class_list":["post-435","page","type-page","status-publish","hentry"],"_links":{"self":[{"href":"https:\/\/rootbac.com\/en\/wp-json\/wp\/v2\/pages\/435","targetHints":{"allow":["GET"]}}],"collection":[{"href":"https:\/\/rootbac.com\/en\/wp-json\/wp\/v2\/pages"}],"about":[{"href":"https:\/\/rootbac.com\/en\/wp-json\/wp\/v2\/types\/page"}],"author":[{"embeddable":true,"href":"https:\/\/rootbac.com\/en\/wp-json\/wp\/v2\/users\/1"}],"replies":[{"embeddable":true,"href":"https:\/\/rootbac.com\/en\/wp-json\/wp\/v2\/comments?post=435"}],"version-history":[{"count":16,"href":"https:\/\/rootbac.com\/en\/wp-json\/wp\/v2\/pages\/435\/revisions"}],"predecessor-version":[{"id":578,"href":"https:\/\/rootbac.com\/en\/wp-json\/wp\/v2\/pages\/435\/revisions\/578"}],"wp:attachment":[{"href":"https:\/\/rootbac.com\/en\/wp-json\/wp\/v2\/media?parent=435"}],"curies":[{"name":"wp","href":"https:\/\/api.w.org\/{rel}","templated":true}]}}