{"id":349,"date":"2025-10-31T08:48:26","date_gmt":"2025-10-31T08:48:26","guid":{"rendered":"https:\/\/rootbac.com\/?page_id=349"},"modified":"2025-11-04T07:28:43","modified_gmt":"2025-11-04T07:28:43","slug":"bcc-cultuur-8200","status":"publish","type":"page","link":"https:\/\/rootbac.com\/en\/bcc-cultuur-8200\/","title":{"rendered":"BCC Culture 8200"},"content":{"rendered":"<div data-elementor-type=\"wp-page\" data-elementor-id=\"349\" class=\"elementor elementor-349\" data-elementor-post-type=\"page\">\n\t\t\t\t<div class=\"elementor-element elementor-element-4507b5b e-flex e-con-boxed e-con e-parent\" data-id=\"4507b5b\" data-element_type=\"container\" data-settings=\"{&quot;background_background&quot;:&quot;classic&quot;}\">\n\t\t\t\t\t<div class=\"e-con-inner\">\n\t\t\t\t<div class=\"elementor-element elementor-element-5ad6c45 elementor-icon-list--layout-inline elementor-list-item-link-full_width elementor-widget elementor-widget-icon-list\" data-id=\"5ad6c45\" data-element_type=\"widget\" data-settings=\"{&quot;ekit_we_effect_on&quot;:&quot;none&quot;}\" data-widget_type=\"icon-list.default\">\n\t\t\t\t\t\t\t<ul class=\"elementor-icon-list-items elementor-inline-items\">\n\t\t\t\t\t\t\t<li class=\"elementor-icon-list-item elementor-inline-item\">\n\t\t\t\t\t\t\t\t\t\t\t<a href=\"https:\/\/rootbac.com\/en\/bcc-cultuur-8200\/\">\n\n\t\t\t\t\t\t\t\t\t\t\t<span class=\"elementor-icon-list-text\">BCC Culture 8200<\/span>\n\t\t\t\t\t\t\t\t\t\t\t<\/a>\n\t\t\t\t\t\t\t\t\t<\/li>\n\t\t\t\t\t\t\t\t<li class=\"elementor-icon-list-item elementor-inline-item\">\n\t\t\t\t\t\t\t\t\t\t\t<a href=\"https:\/\/rootbac.com\/en\/x-sono\/\">\n\n\t\t\t\t\t\t\t\t\t\t\t<span class=\"elementor-icon-list-text\">X-Sono<\/span>\n\t\t\t\t\t\t\t\t\t\t\t<\/a>\n\t\t\t\t\t\t\t\t\t<\/li>\n\t\t\t\t\t\t<\/ul>\n\t\t\t\t\t\t<\/div>\n\t\t\t\t\t<\/div>\n\t\t\t\t<\/div>\n\t\t<div class=\"elementor-element elementor-element-f7c8c12 e-flex e-con-boxed e-con e-parent\" data-id=\"f7c8c12\" data-element_type=\"container\" data-settings=\"{&quot;background_background&quot;:&quot;classic&quot;}\">\n\t\t\t\t\t<div class=\"e-con-inner\">\n\t\t<div class=\"elementor-element elementor-element-f5ea120 e-con-full e-flex e-con e-child\" data-id=\"f5ea120\" data-element_type=\"container\">\n\t\t\t\t<div class=\"elementor-element elementor-element-2810640 elementor-widget elementor-widget-elementskit-heading\" data-id=\"2810640\" data-element_type=\"widget\" data-settings=\"{&quot;ekit_we_effect_on&quot;:&quot;none&quot;}\" data-widget_type=\"elementskit-heading.default\">\n\t\t\t\t\t<div class=\"ekit-wid-con\" ><div class=\"ekit-heading elementskit-section-title-wraper text_left   ekit_heading_tablet-   ekit_heading_mobile-\"><h2 class=\"ekit-heading--title elementskit-section-title\"><span><span>BCC Culture<\/span><\/span> 8200<\/h2><div class=\"ekit_heading_separetor_wraper ekit_heading_elementskit-border-divider ekit-dotted\"><div class=\"elementskit-border-divider ekit-dotted\"><\/div><\/div><\/div><\/div>\t\t\t\t<\/div>\n\t\t\t\t<div class=\"elementor-element elementor-element-c77b0d8 elementor-widget elementor-widget-text-editor\" data-id=\"c77b0d8\" data-element_type=\"widget\" data-settings=\"{&quot;ekit_we_effect_on&quot;:&quot;none&quot;}\" data-widget_type=\"text-editor.default\">\n\t\t\t\t\t\t\t\t\t<h6><strong><b>Advantages<\/b><\/strong><\/h6><ul><li>It supports plant growth and root development.<\/li><li>It strengthens the plant against diseases.<\/li><li>It provides resistance to environmental stressors such as drought and salinity.<\/li><li>It increases the solubility of nutrients in the soil.<\/li><\/ul>\t\t\t\t\t\t\t\t<\/div>\n\t\t\t\t<div class=\"elementor-element elementor-element-79aa0d9 elementor-widget elementor-widget-heading\" data-id=\"79aa0d9\" data-element_type=\"widget\" data-settings=\"{&quot;ekit_we_effect_on&quot;:&quot;none&quot;}\" data-widget_type=\"heading.default\">\n\t\t\t\t\t<h2 class=\"elementor-heading-title elementor-size-default\">Areas of application <\/h2>\t\t\t\t<\/div>\n\t\t\t\t<div class=\"elementor-element elementor-element-7071346 elementor-widget elementor-widget-text-editor\" data-id=\"7071346\" data-element_type=\"widget\" data-settings=\"{&quot;ekit_we_effect_on&quot;:&quot;none&quot;}\" data-widget_type=\"text-editor.default\">\n\t\t\t\t\t\t\t\t\t<ul><li data-start=\"95\" data-end=\"149\"><p data-start=\"97\" data-end=\"149\">In soils whose physical and biological structure has been degraded,<\/p><\/li><li data-start=\"150\" data-end=\"218\"><p data-start=\"152\" data-end=\"218\">When plants are exposed to environmental stress factors,<\/p><\/li><li data-start=\"219\" data-end=\"285\"><p data-start=\"221\" data-end=\"285\">During developmental stages requiring high levels of nutrients.<\/p><\/li><\/ul>\t\t\t\t\t\t\t\t<\/div>\n\t\t\t\t<\/div>\n\t\t<div class=\"elementor-element elementor-element-8d0fc3f e-con-full e-flex e-con e-child\" data-id=\"8d0fc3f\" data-element_type=\"container\">\n\t\t\t\t<div class=\"elementor-element elementor-element-d2b72b4 elementor-widget-divider--view-line elementor-widget elementor-widget-divider\" data-id=\"d2b72b4\" data-element_type=\"widget\" data-settings=\"{&quot;ekit_we_effect_on&quot;:&quot;none&quot;}\" data-widget_type=\"divider.default\">\n\t\t\t\t\t\t\t<div class=\"elementor-divider\">\n\t\t\t<span class=\"elementor-divider-separator\">\n\t\t\t\t\t\t<\/span>\n\t\t<\/div>\n\t\t\t\t\t\t<\/div>\n\t\t<div class=\"elementor-element elementor-element-ee375cd e-con-full e-flex e-con e-child\" data-id=\"ee375cd\" data-element_type=\"container\">\n\t\t<div class=\"elementor-element elementor-element-e998df3 e-con-full e-flex e-con e-child\" data-id=\"e998df3\" data-element_type=\"container\">\n\t\t\t\t<div class=\"elementor-element elementor-element-05d4444 elementor-position-top elementor-widget elementor-widget-image-box\" data-id=\"05d4444\" data-element_type=\"widget\" data-settings=\"{&quot;ekit_we_effect_on&quot;:&quot;none&quot;}\" data-widget_type=\"image-box.default\">\n\t\t\t\t\t<div class=\"elementor-image-box-wrapper\"><figure class=\"elementor-image-box-img\"><img decoding=\"async\" width=\"72\" height=\"161\" src=\"https:\/\/rootbac.com\/wp-content\/uploads\/2025\/10\/sebzeler.png\" class=\"attachment-full size-full wp-image-356\" alt=\"\" \/><\/figure><div class=\"elementor-image-box-content\"><h3 class=\"elementor-image-box-title\">Vegetables<\/h3><\/div><\/div>\t\t\t\t<\/div>\n\t\t\t\t<\/div>\n\t\t<div class=\"elementor-element elementor-element-707b46d e-con-full e-flex e-con e-child\" data-id=\"707b46d\" data-element_type=\"container\">\n\t\t\t\t<div class=\"elementor-element elementor-element-73cda16 elementor-position-top elementor-widget elementor-widget-image-box\" data-id=\"73cda16\" data-element_type=\"widget\" data-settings=\"{&quot;ekit_we_effect_on&quot;:&quot;none&quot;}\" data-widget_type=\"image-box.default\">\n\t\t\t\t\t<div class=\"elementor-image-box-wrapper\"><figure class=\"elementor-image-box-img\"><img fetchpriority=\"high\" decoding=\"async\" width=\"1000\" height=\"1000\" src=\"https:\/\/rootbac.com\/wp-content\/uploads\/2025\/10\/meyve-agci.png\" class=\"attachment-full size-full wp-image-357\" alt=\"\" srcset=\"https:\/\/rootbac.com\/wp-content\/uploads\/2025\/10\/meyve-agci.png 1000w, https:\/\/rootbac.com\/wp-content\/uploads\/2025\/10\/meyve-agci-300x300.png 300w, https:\/\/rootbac.com\/wp-content\/uploads\/2025\/10\/meyve-agci-150x150.png 150w, https:\/\/rootbac.com\/wp-content\/uploads\/2025\/10\/meyve-agci-768x768.png 768w\" sizes=\"(max-width: 1000px) 100vw, 1000px\" \/><\/figure><div class=\"elementor-image-box-content\"><h3 class=\"elementor-image-box-title\">fruit trees<\/h3><\/div><\/div>\t\t\t\t<\/div>\n\t\t\t\t<\/div>\n\t\t<div class=\"elementor-element elementor-element-0205dff e-con-full e-flex e-con e-child\" data-id=\"0205dff\" data-element_type=\"container\">\n\t\t\t\t<div class=\"elementor-element elementor-element-8356368 elementor-position-top elementor-widget elementor-widget-image-box\" data-id=\"8356368\" data-element_type=\"widget\" data-settings=\"{&quot;ekit_we_effect_on&quot;:&quot;none&quot;}\" data-widget_type=\"image-box.default\">\n\t\t\t\t\t<div class=\"elementor-image-box-wrapper\"><figure class=\"elementor-image-box-img\"><img decoding=\"async\" width=\"1000\" height=\"1000\" src=\"https:\/\/rootbac.com\/wp-content\/uploads\/2025\/10\/bag.png\" class=\"attachment-full size-full wp-image-360\" alt=\"\" srcset=\"https:\/\/rootbac.com\/wp-content\/uploads\/2025\/10\/bag.png 1000w, https:\/\/rootbac.com\/wp-content\/uploads\/2025\/10\/bag-300x300.png 300w, https:\/\/rootbac.com\/wp-content\/uploads\/2025\/10\/bag-150x150.png 150w, https:\/\/rootbac.com\/wp-content\/uploads\/2025\/10\/bag-768x768.png 768w\" sizes=\"(max-width: 1000px) 100vw, 1000px\" \/><\/figure><div class=\"elementor-image-box-content\"><h3 class=\"elementor-image-box-title\">Vineyards<\/h3><\/div><\/div>\t\t\t\t<\/div>\n\t\t\t\t<\/div>\n\t\t\t\t<\/div>\n\t\t<div class=\"elementor-element elementor-element-7797209 e-con-full e-flex e-con e-child\" data-id=\"7797209\" data-element_type=\"container\">\n\t\t<div class=\"elementor-element elementor-element-34c5149 e-con-full e-flex e-con e-child\" data-id=\"34c5149\" data-element_type=\"container\">\n\t\t\t\t<div class=\"elementor-element elementor-element-4b6b96e elementor-position-top elementor-widget elementor-widget-image-box\" data-id=\"4b6b96e\" data-element_type=\"widget\" data-settings=\"{&quot;ekit_we_effect_on&quot;:&quot;none&quot;}\" data-widget_type=\"image-box.default\">\n\t\t\t\t\t<div class=\"elementor-image-box-wrapper\"><figure class=\"elementor-image-box-img\"><img loading=\"lazy\" decoding=\"async\" width=\"1000\" height=\"811\" src=\"https:\/\/rootbac.com\/wp-content\/uploads\/2025\/10\/baklagiller.png\" class=\"attachment-full size-full wp-image-359\" alt=\"\" srcset=\"https:\/\/rootbac.com\/wp-content\/uploads\/2025\/10\/baklagiller.png 1000w, https:\/\/rootbac.com\/wp-content\/uploads\/2025\/10\/baklagiller-300x243.png 300w, https:\/\/rootbac.com\/wp-content\/uploads\/2025\/10\/baklagiller-768x623.png 768w\" sizes=\"(max-width: 1000px) 100vw, 1000px\" \/><\/figure><div class=\"elementor-image-box-content\"><h3 class=\"elementor-image-box-title\">Legumes<\/h3><\/div><\/div>\t\t\t\t<\/div>\n\t\t\t\t<\/div>\n\t\t<div class=\"elementor-element elementor-element-5e5770a e-con-full e-flex e-con e-child\" data-id=\"5e5770a\" data-element_type=\"container\">\n\t\t\t\t<div class=\"elementor-element elementor-element-61ce98e elementor-position-top elementor-widget elementor-widget-image-box\" data-id=\"61ce98e\" data-element_type=\"widget\" data-settings=\"{&quot;ekit_we_effect_on&quot;:&quot;none&quot;}\" data-widget_type=\"image-box.default\">\n\t\t\t\t\t<div class=\"elementor-image-box-wrapper\"><figure class=\"elementor-image-box-img\"><img loading=\"lazy\" decoding=\"async\" width=\"609\" height=\"1000\" src=\"https:\/\/rootbac.com\/wp-content\/uploads\/2025\/10\/fidan.png\" class=\"attachment-full size-full wp-image-358\" alt=\"\" srcset=\"https:\/\/rootbac.com\/wp-content\/uploads\/2025\/10\/fidan.png 609w, https:\/\/rootbac.com\/wp-content\/uploads\/2025\/10\/fidan-183x300.png 183w\" sizes=\"(max-width: 609px) 100vw, 609px\" \/><\/figure><div class=\"elementor-image-box-content\"><h3 class=\"elementor-image-box-title\">Seedlings\/Young saplings<\/h3><\/div><\/div>\t\t\t\t<\/div>\n\t\t\t\t<\/div>\n\t\t<div class=\"elementor-element elementor-element-2e82739 e-con-full elementor-hidden-mobile e-flex e-con e-child\" data-id=\"2e82739\" data-element_type=\"container\">\n\t\t\t\t<\/div>\n\t\t\t\t<\/div>\n\t\t\t\t<div class=\"elementor-element elementor-element-3c8c2cb elementor-widget-divider--view-line elementor-widget elementor-widget-divider\" data-id=\"3c8c2cb\" data-element_type=\"widget\" data-settings=\"{&quot;ekit_we_effect_on&quot;:&quot;none&quot;}\" data-widget_type=\"divider.default\">\n\t\t\t\t\t\t\t<div class=\"elementor-divider\">\n\t\t\t<span class=\"elementor-divider-separator\">\n\t\t\t\t\t\t<\/span>\n\t\t<\/div>\n\t\t\t\t\t\t<\/div>\n\t\t<div class=\"elementor-element elementor-element-3090de8 e-con-full e-flex e-con e-child\" data-id=\"3090de8\" data-element_type=\"container\">\n\t\t\t\t<div class=\"elementor-element elementor-element-30a4142 elementor-icon-list--layout-inline elementor-list-item-link-full_width elementor-widget elementor-widget-icon-list\" data-id=\"30a4142\" data-element_type=\"widget\" data-settings=\"{&quot;ekit_we_effect_on&quot;:&quot;none&quot;}\" data-widget_type=\"icon-list.default\">\n\t\t\t\t\t\t\t<ul class=\"elementor-icon-list-items elementor-inline-items\">\n\t\t\t\t\t\t\t<li class=\"elementor-icon-list-item elementor-inline-item\">\n\t\t\t\t\t\t\t\t\t\t\t<a href=\"https:\/\/rootbac.com\/wp-content\/uploads\/2025\/10\/Rootbac-Org.-Tescil-Belgesi-23.09.2025-BCC-CULTUUR-8200.pdf\">\n\n\t\t\t\t\t\t\t\t\t\t\t<span class=\"elementor-icon-list-text\">Registration Certificate<\/span>\n\t\t\t\t\t\t\t\t\t\t\t<\/a>\n\t\t\t\t\t\t\t\t\t<\/li>\n\t\t\t\t\t\t\t\t<li class=\"elementor-icon-list-item elementor-inline-item\">\n\t\t\t\t\t\t\t\t\t\t<span class=\"elementor-icon-list-text\">Ticket<\/span>\n\t\t\t\t\t\t\t\t\t<\/li>\n\t\t\t\t\t\t<\/ul>\n\t\t\t\t\t\t<\/div>\n\t\t\t\t<\/div>\n\t\t\t\t<\/div>\n\t\t\t\t\t<\/div>\n\t\t\t\t<\/div>\n\t\t<div class=\"elementor-element elementor-element-4e8f4f8 e-flex e-con-boxed e-con e-parent\" data-id=\"4e8f4f8\" data-element_type=\"container\" data-settings=\"{&quot;background_background&quot;:&quot;classic&quot;}\">\n\t\t\t\t\t<div class=\"e-con-inner\">\n\t\t<div class=\"elementor-element elementor-element-663dff2 e-con-full e-flex e-con e-child\" data-id=\"663dff2\" data-element_type=\"container\">\n\t\t<div class=\"elementor-element elementor-element-3a34065 e-flex e-con-boxed e-con e-child\" data-id=\"3a34065\" data-element_type=\"container\" data-settings=\"{&quot;background_background&quot;:&quot;classic&quot;}\">\n\t\t\t\t\t<div class=\"e-con-inner\">\n\t\t\t\t<div class=\"elementor-element elementor-element-6b3e5c2 elementor-widget elementor-widget-heading\" data-id=\"6b3e5c2\" data-element_type=\"widget\" data-settings=\"{&quot;ekit_we_effect_on&quot;:&quot;none&quot;}\" data-widget_type=\"heading.default\">\n\t\t\t\t\t<h2 class=\"elementor-heading-title elementor-size-default\">Guaranteed Content<\/h2>\t\t\t\t<\/div>\n\t\t\t\t<div class=\"elementor-element elementor-element-084f937 elementor-widget-divider--view-line elementor-widget elementor-widget-divider\" data-id=\"084f937\" data-element_type=\"widget\" data-settings=\"{&quot;ekit_we_effect_on&quot;:&quot;none&quot;}\" data-widget_type=\"divider.default\">\n\t\t\t\t\t\t\t<div class=\"elementor-divider\">\n\t\t\t<span class=\"elementor-divider-separator\">\n\t\t\t\t\t\t<\/span>\n\t\t<\/div>\n\t\t\t\t\t\t<\/div>\n\t\t\t\t<div class=\"elementor-element elementor-element-b6752e2 elementor-widget elementor-widget-heading\" data-id=\"b6752e2\" data-element_type=\"widget\" data-settings=\"{&quot;ekit_we_effect_on&quot;:&quot;none&quot;}\" data-widget_type=\"heading.default\">\n\t\t\t\t\t<h2 class=\"elementor-heading-title elementor-size-default\">Total Living Organisms<\/h2>\t\t\t\t<\/div>\n\t\t\t\t<div class=\"elementor-element elementor-element-a69c901 elementor-widget elementor-widget-text-editor\" data-id=\"a69c901\" data-element_type=\"widget\" data-settings=\"{&quot;ekit_we_effect_on&quot;:&quot;none&quot;}\" data-widget_type=\"text-editor.default\">\n\t\t\t\t\t\t\t\t\t<p><strong><b>5 x 10<\/b><\/strong><strong><sup><b>9 <\/b><\/sup><\/strong><strong><b>cfu \/ g<\/b><\/strong><\/p>\t\t\t\t\t\t\t\t<\/div>\n\t\t\t\t<div class=\"elementor-element elementor-element-42caad9 elementor-widget-divider--view-line elementor-widget elementor-widget-divider\" data-id=\"42caad9\" data-element_type=\"widget\" data-settings=\"{&quot;ekit_we_effect_on&quot;:&quot;none&quot;}\" data-widget_type=\"divider.default\">\n\t\t\t\t\t\t\t<div class=\"elementor-divider\">\n\t\t\t<span class=\"elementor-divider-separator\">\n\t\t\t\t\t\t<\/span>\n\t\t<\/div>\n\t\t\t\t\t\t<\/div>\n\t\t\t\t<div class=\"elementor-element elementor-element-cd16ee5 elementor-widget elementor-widget-heading\" data-id=\"cd16ee5\" data-element_type=\"widget\" data-settings=\"{&quot;ekit_we_effect_on&quot;:&quot;none&quot;}\" data-widget_type=\"heading.default\">\n\t\t\t\t\t<h2 class=\"elementor-heading-title elementor-size-default\">Organisms it contains<\/h2>\t\t\t\t<\/div>\n\t\t\t\t<div class=\"elementor-element elementor-element-e048240 elementor-widget elementor-widget-text-editor\" data-id=\"e048240\" data-element_type=\"widget\" data-settings=\"{&quot;ekit_we_effect_on&quot;:&quot;none&quot;}\" data-widget_type=\"text-editor.default\">\n\t\t\t\t\t\t\t\t\t<p><strong><em><b><i>Bacillus methylotrophicus, Bacillus licheniformis, Bacillus pumilus<\/i><\/b><\/em><\/strong><\/p>\t\t\t\t\t\t\t\t<\/div>\n\t\t\t\t<div class=\"elementor-element elementor-element-ea2ea7d elementor-widget-divider--view-line elementor-widget elementor-widget-divider\" data-id=\"ea2ea7d\" data-element_type=\"widget\" data-settings=\"{&quot;ekit_we_effect_on&quot;:&quot;none&quot;}\" data-widget_type=\"divider.default\">\n\t\t\t\t\t\t\t<div class=\"elementor-divider\">\n\t\t\t<span class=\"elementor-divider-separator\">\n\t\t\t\t\t\t<\/span>\n\t\t<\/div>\n\t\t\t\t\t\t<\/div>\n\t\t\t\t<div class=\"elementor-element elementor-element-37a8ddb elementor-widget elementor-widget-text-editor\" data-id=\"37a8ddb\" data-element_type=\"widget\" data-settings=\"{&quot;ekit_we_effect_on&quot;:&quot;none&quot;}\" data-widget_type=\"text-editor.default\">\n\t\t\t\t\t\t\t\t\t<p><strong>pH Range<\/strong> <strong><b>6 \u2013 8<\/b><\/strong><\/p>\t\t\t\t\t\t\t\t<\/div>\n\t\t\t\t\t<\/div>\n\t\t\t\t<\/div>\n\t\t\t\t<\/div>\n\t\t<div class=\"elementor-element elementor-element-ec41bdc e-con-full e-flex e-con e-child\" data-id=\"ec41bdc\" data-element_type=\"container\">\n\t\t\t\t<div class=\"elementor-element elementor-element-2276a72 elementor-widget elementor-widget-image\" data-id=\"2276a72\" data-element_type=\"widget\" data-settings=\"{&quot;ekit_we_effect_on&quot;:&quot;none&quot;}\" data-widget_type=\"image.default\">\n\t\t\t\t\t\t\t\t\t\t\t\t\t\t\t<img loading=\"lazy\" decoding=\"async\" width=\"555\" height=\"474\" src=\"https:\/\/rootbac.com\/wp-content\/uploads\/2025\/10\/BCC-Cultuur-8200-gorsel-e1761908505300.png\" class=\"attachment-full size-full wp-image-376\" alt=\"\" srcset=\"https:\/\/rootbac.com\/wp-content\/uploads\/2025\/10\/BCC-Cultuur-8200-gorsel-e1761908505300.png 555w, https:\/\/rootbac.com\/wp-content\/uploads\/2025\/10\/BCC-Cultuur-8200-gorsel-e1761908505300-300x256.png 300w\" sizes=\"(max-width: 555px) 100vw, 555px\" \/>\t\t\t\t\t\t\t\t\t\t\t\t\t\t\t<\/div>\n\t\t\t\t<\/div>\n\t\t\t\t\t<\/div>\n\t\t\t\t<\/div>\n\t\t<div class=\"elementor-element elementor-element-40455e8 e-flex e-con-boxed e-con e-parent\" data-id=\"40455e8\" data-element_type=\"container\" data-settings=\"{&quot;background_background&quot;:&quot;classic&quot;}\">\n\t\t\t\t\t<div class=\"e-con-inner\">\n\t\t<div class=\"elementor-element elementor-element-a3f7ea7 e-con-full e-flex e-con e-child\" data-id=\"a3f7ea7\" data-element_type=\"container\">\n\t\t\t\t<div class=\"elementor-element elementor-element-0e21328 elementor-widget elementor-widget-elementskit-heading\" data-id=\"0e21328\" data-element_type=\"widget\" data-settings=\"{&quot;ekit_we_effect_on&quot;:&quot;none&quot;}\" data-widget_type=\"elementskit-heading.default\">\n\t\t\t\t\t<div class=\"ekit-wid-con\" ><div class=\"ekit-heading elementskit-section-title-wraper text_left   ekit_heading_tablet-   ekit_heading_mobile-\"><h2 class=\"ekit-heading--title elementskit-section-title\"><span><span>The product<\/span><\/span> technical effects and mechanisms<\/h2><div class=\"ekit_heading_separetor_wraper ekit_heading_elementskit-border-divider ekit-dotted\"><div class=\"elementskit-border-divider ekit-dotted\"><\/div><\/div><\/div><\/div>\t\t\t\t<\/div>\n\t\t\t\t<div class=\"elementor-element elementor-element-ce8df66 elementor-widget elementor-widget-text-editor\" data-id=\"ce8df66\" data-element_type=\"widget\" data-settings=\"{&quot;ekit_we_effect_on&quot;:&quot;none&quot;}\" data-widget_type=\"text-editor.default\">\n\t\t\t\t\t\t\t\t\t<ul data-start=\"113\" data-end=\"936\"><li data-start=\"113\" data-end=\"178\"><p data-start=\"115\" data-end=\"178\">It provides natural biocontrol against pathogenic fungi and bacteria.<\/p><\/li><li data-start=\"179\" data-end=\"244\"><p data-start=\"181\" data-end=\"244\">It produces plant hormones (IAA, etc.) that promote root development.<\/p><\/li><li data-start=\"245\" data-end=\"331\"><p data-start=\"247\" data-end=\"331\">It optimizes nutrient uptake by producing siderophores, which increase iron solubility.<\/p><\/li><li data-start=\"332\" data-end=\"394\"><p data-start=\"334\" data-end=\"394\">It converts phosphorus in the soil into a form that plants can absorb.<\/p><\/li><li data-start=\"395\" data-end=\"486\"><p data-start=\"397\" data-end=\"486\">It suppresses root diseases and inhibits the development of pathogens through antibiotic production.<\/p><\/li><li data-start=\"487\" data-end=\"551\"><p data-start=\"489\" data-end=\"551\">It promotes the colonization of beneficial microflora in the root zone.<\/p><\/li><li data-start=\"552\" data-end=\"647\"><p data-start=\"554\" data-end=\"647\"><em data-start=\"554\" data-end=\"564\">Fusarium<\/em> And <em data-start=\"568\" data-end=\"577\">Pythium<\/em> It supports plant health by competing with harmful pathogens.<\/p><\/li><li data-start=\"648\" data-end=\"741\"><p data-start=\"650\" data-end=\"741\">Salt increases the plant&#039;s resistance to environmental stressors such as drought and heat.<\/p><\/li><li data-start=\"742\" data-end=\"837\"><p data-start=\"744\" data-end=\"837\">Its spore form provides resistance to environmental conditions (temperature, pH, drought).<\/p><\/li><li data-start=\"838\" data-end=\"936\"><p data-start=\"840\" data-end=\"936\">Root health, nutrient uptake, and metabolism optimization lead to increased yield and quality.<\/p><\/li><\/ul>\t\t\t\t\t\t\t\t<\/div>\n\t\t\t\t<\/div>\n\t\t<div class=\"elementor-element elementor-element-56f4a0b e-con-full e-flex e-con e-child\" data-id=\"56f4a0b\" data-element_type=\"container\">\n\t\t\t\t<div class=\"elementor-element elementor-element-aed1486 elementor-widget elementor-widget-elementskit-heading\" data-id=\"aed1486\" data-element_type=\"widget\" data-settings=\"{&quot;ekit_we_effect_on&quot;:&quot;none&quot;}\" data-widget_type=\"elementskit-heading.default\">\n\t\t\t\t\t<div class=\"ekit-wid-con\" ><div class=\"ekit-heading elementskit-section-title-wraper text_left   ekit_heading_tablet-   ekit_heading_mobile-\"><h2 class=\"ekit-heading--title elementskit-section-title\">The effect is more microbial and root-focused.<\/h2><div class=\"ekit_heading_separetor_wraper ekit_heading_elementskit-border-divider ekit-dotted\"><div class=\"elementskit-border-divider ekit-dotted\"><\/div><\/div><\/div><\/div>\t\t\t\t<\/div>\n\t\t\t\t<div class=\"elementor-element elementor-element-b3b8256 elementor-widget elementor-widget-text-editor\" data-id=\"b3b8256\" data-element_type=\"widget\" data-settings=\"{&quot;ekit_we_effect_on&quot;:&quot;none&quot;}\" data-widget_type=\"text-editor.default\">\n\t\t\t\t\t\t\t\t\t<ul><li data-start=\"77\" data-end=\"99\"><p data-start=\"79\" data-end=\"99\">Root colonization.<\/p><\/li><li data-start=\"100\" data-end=\"126\"><p data-start=\"102\" data-end=\"126\">Dissolving phosphorus and iron.<\/p><\/li><li data-start=\"127\" data-end=\"173\"><p data-start=\"129\" data-end=\"173\">Production of hormones that promote root growth.<\/p><\/li><li data-start=\"174\" data-end=\"194\"><p data-start=\"176\" data-end=\"194\">Stress tolerance.<\/p><\/li><\/ul>\t\t\t\t\t\t\t\t<\/div>\n\t\t\t\t<\/div>\n\t\t\t\t\t<\/div>\n\t\t\t\t<\/div>\n\t\t\t\t<\/div>\n\t\t\n    <div class=\"xs_social_share_widget xs_share_url after_content \t\tmain_content  wslu-style-1 wslu-share-box-shaped wslu-fill-colored wslu-none wslu-share-horizontal wslu-theme-font-no wslu-main_content\">\n\n\t\t\n        <ul>\n\t\t\t        <\/ul>\n    <\/div>","protected":false},"excerpt":{"rendered":"<p>BCC Cultuur 8200 X-Sono BCC Cultuur 8200 Avantajlar Bitki b\u00fcy\u00fcmesini ve k\u00f6k geli\u015fimini destekler. Bitkiyi hastal\u0131klara kar\u015f\u0131 g\u00fc\u00e7lendirir. Kurakl\u0131k ve tuzluluk gibi \u00e7evresel streslere kar\u015f\u0131 diren\u00e7 kazand\u0131r\u0131r. Topraktaki besin maddelerinin \u00e7\u00f6z\u00fcn\u00fcrl\u00fc\u011f\u00fcn\u00fc art\u0131r\u0131r. Kullan\u0131m alanlar\u0131 Fiziksel ve biyolojik yap\u0131s\u0131 bozulmu\u015f topraklarda, Bitkilerin \u00e7evresel stres fakt\u00f6rlerine maruz kald\u0131\u011f\u0131 durumlarda, Yo\u011fun besin elementine gereksinim duyulan geli\u015fim evrelerinde. Sebzeler [&hellip;]<\/p>","protected":false},"author":1,"featured_media":0,"parent":0,"menu_order":0,"comment_status":"closed","ping_status":"closed","template":"","meta":{"postBodyCss":"","postBodyMargin":[],"postBodyPadding":[],"postBodyBackground":{"backgroundType":"classic","gradient":""},"footnotes":""},"class_list":["post-349","page","type-page","status-publish","hentry"],"_links":{"self":[{"href":"https:\/\/rootbac.com\/en\/wp-json\/wp\/v2\/pages\/349","targetHints":{"allow":["GET"]}}],"collection":[{"href":"https:\/\/rootbac.com\/en\/wp-json\/wp\/v2\/pages"}],"about":[{"href":"https:\/\/rootbac.com\/en\/wp-json\/wp\/v2\/types\/page"}],"author":[{"embeddable":true,"href":"https:\/\/rootbac.com\/en\/wp-json\/wp\/v2\/users\/1"}],"replies":[{"embeddable":true,"href":"https:\/\/rootbac.com\/en\/wp-json\/wp\/v2\/comments?post=349"}],"version-history":[{"count":67,"href":"https:\/\/rootbac.com\/en\/wp-json\/wp\/v2\/pages\/349\/revisions"}],"predecessor-version":[{"id":572,"href":"https:\/\/rootbac.com\/en\/wp-json\/wp\/v2\/pages\/349\/revisions\/572"}],"wp:attachment":[{"href":"https:\/\/rootbac.com\/en\/wp-json\/wp\/v2\/media?parent=349"}],"curies":[{"name":"wp","href":"https:\/\/api.w.org\/{rel}","templated":true}]}}