{"id":24,"date":"2025-10-16T11:51:52","date_gmt":"2025-10-16T11:51:52","guid":{"rendered":"https:\/\/rootbac.com\/?page_id=24"},"modified":"2025-11-04T12:05:24","modified_gmt":"2025-11-04T12:05:24","slug":"uygulama-rehberi","status":"publish","type":"page","link":"https:\/\/rootbac.com\/en\/uygulama-rehberi\/","title":{"rendered":"Application Guide"},"content":{"rendered":"<div data-elementor-type=\"wp-page\" data-elementor-id=\"24\" class=\"elementor elementor-24\" data-elementor-post-type=\"page\">\n\t\t\t\t<div class=\"elementor-element elementor-element-a573c0c e-flex e-con-boxed e-con e-parent\" data-id=\"a573c0c\" data-element_type=\"container\">\n\t\t\t\t\t<div class=\"e-con-inner\">\n\t\t\t\t<div class=\"elementor-element elementor-element-3852048 elementor-widget elementor-widget-elementskit-heading\" data-id=\"3852048\" data-element_type=\"widget\" data-settings=\"{&quot;ekit_we_effect_on&quot;:&quot;none&quot;}\" data-widget_type=\"elementskit-heading.default\">\n\t\t\t\t\t<div class=\"ekit-wid-con\" ><div class=\"ekit-heading elementskit-section-title-wraper text_left   ekit_heading_tablet-   ekit_heading_mobile-\"><h2 class=\"ekit-heading--title elementskit-section-title\"> Products <span><span>APPLICATION<\/span><\/span> Guide<\/h2><div class=\"ekit_heading_separetor_wraper ekit_heading_elementskit-border-divider ekit-dotted\"><div class=\"elementskit-border-divider ekit-dotted\"><\/div><\/div><\/div><\/div>\t\t\t\t<\/div>\n\t\t\t\t\t<\/div>\n\t\t\t\t<\/div>\n\t\t<div class=\"elementor-element elementor-element-b3777be e-flex e-con-boxed e-con e-parent\" data-id=\"b3777be\" data-element_type=\"container\">\n\t\t\t\t\t<div class=\"e-con-inner\">\n\t\t<div class=\"elementor-element elementor-element-693e0d3 e-con-full e-flex e-con e-child\" data-id=\"693e0d3\" data-element_type=\"container\">\n\t\t\t\t<div class=\"elementor-element elementor-element-d4d1f06 elementor-widget elementor-widget-elementskit-heading\" data-id=\"d4d1f06\" data-element_type=\"widget\" data-settings=\"{&quot;ekit_we_effect_on&quot;:&quot;none&quot;}\" data-widget_type=\"elementskit-heading.default\">\n\t\t\t\t\t<div class=\"ekit-wid-con\" ><div class=\"ekit-heading elementskit-section-title-wraper text_left   ekit_heading_tablet-   ekit_heading_mobile-\"><h2 class=\"ekit-heading--title elementskit-section-title\"><span><span>BCC Culture 8200<\/span><\/span> Application Guide<\/h2><\/div><\/div>\t\t\t\t<\/div>\n\t\t\t\t<div class=\"elementor-element elementor-element-c7fefc4 elementor-widget elementor-widget-text-editor\" data-id=\"c7fefc4\" data-element_type=\"widget\" data-settings=\"{&quot;ekit_we_effect_on&quot;:&quot;none&quot;}\" data-widget_type=\"text-editor.default\">\n\t\t\t\t\t\t\t\t\t<p><strong><b>User Manual <\/b><\/strong><\/p>\n<p><strong><b>Preparation: <\/b><\/strong>Dissolve the powder completely in clean, chlorine-free water.<\/p>\n<p><strong><b>Application time:<\/b><\/strong>\u00a0It should preferably be applied in the early morning or late afternoon; this prevents the bacteria from being damaged by UV rays.<\/p>\n<p><strong><b>Compatibility:<\/b><\/strong>\u00a0Do not mix products containing copper or sulfur with strong fungicides or antibiotics.<\/p>\t\t\t\t\t\t\t\t<\/div>\n\t\t\t\t<\/div>\n\t\t<div class=\"elementor-element elementor-element-135d214 e-con-full e-flex e-con e-child\" data-id=\"135d214\" data-element_type=\"container\">\n\t\t\t\t<div class=\"elementor-element elementor-element-650d0a7 elementor-widget elementor-widget-image\" data-id=\"650d0a7\" data-element_type=\"widget\" data-settings=\"{&quot;ekit_we_effect_on&quot;:&quot;none&quot;}\" data-widget_type=\"image.default\">\n\t\t\t\t\t\t\t\t\t\t\t\t\t\t\t<img fetchpriority=\"high\" decoding=\"async\" width=\"634\" height=\"849\" src=\"https:\/\/rootbac.com\/wp-content\/uploads\/2025\/11\/Rootbac-presantation-2025-k2-e1762257613818.jpg\" class=\"attachment-full size-full wp-image-601\" alt=\"\" srcset=\"https:\/\/rootbac.com\/wp-content\/uploads\/2025\/11\/Rootbac-presantation-2025-k2-e1762257613818.jpg 634w, https:\/\/rootbac.com\/wp-content\/uploads\/2025\/11\/Rootbac-presantation-2025-k2-e1762257613818-224x300.jpg 224w\" sizes=\"(max-width: 634px) 100vw, 634px\" \/>\t\t\t\t\t\t\t\t\t\t\t\t\t\t\t<\/div>\n\t\t\t\t<\/div>\n\t\t\t\t\t<\/div>\n\t\t\t\t<\/div>\n\t\t<div class=\"elementor-element elementor-element-1187292 e-flex e-con-boxed e-con e-parent\" data-id=\"1187292\" data-element_type=\"container\">\n\t\t\t\t\t<div class=\"e-con-inner\">\n\t\t\t\t<div class=\"elementor-element elementor-element-dfba999 elementor-widget elementor-widget-elementskit-heading\" data-id=\"dfba999\" data-element_type=\"widget\" data-settings=\"{&quot;ekit_we_effect_on&quot;:&quot;none&quot;}\" data-widget_type=\"elementskit-heading.default\">\n\t\t\t\t\t<div class=\"ekit-wid-con\" ><div class=\"ekit-heading elementskit-section-title-wraper text_left   ekit_heading_tablet-   ekit_heading_mobile-\"><h2 class=\"ekit-heading--title elementskit-section-title\">Dosage, Timing, and Method of Use<\/h2><\/div><\/div>\t\t\t\t<\/div>\n\t\t\t\t<div class=\"elementor-element elementor-element-c98f29e elementor-widget elementor-widget-text-editor\" data-id=\"c98f29e\" data-element_type=\"widget\" data-settings=\"{&quot;ekit_we_effect_on&quot;:&quot;none&quot;}\" data-widget_type=\"text-editor.default\">\n\t\t\t\t\t\t\t\t\t<table><tbody><tr><td width=\"138\"><p><strong>APPLICATION<\/strong><strong>\u00a0<\/strong><strong>Area<\/strong><\/p><\/td><td width=\"108\"><p><strong>Dosage<\/strong><\/p><p>(per decare)<\/p><\/td><td width=\"194\"><p><strong>APPLICATION<\/strong><strong>\u00a0<\/strong><strong>Method<\/strong><\/p><\/td><td width=\"193\"><p><strong>APPLICATION<\/strong><strong>\u00a0<\/strong><strong>Time<\/strong><\/p><\/td><\/tr><tr><td width=\"138\"><p>Vegetables<\/p><p>(Tomatoes, Cucumbers,<\/p><p>Cabbage, peppers, etc.)<\/p><\/td><td width=\"108\"><p>30 \u2013 50 g \/ da<\/p><\/td><td width=\"194\"><p>Dissolve in 20\u201340 liters of water and use with drip irrigation.<\/p><\/td><td width=\"193\"><p>Two applications are made to seedlings, on the 7th and 14th days after planting\/sowing.<\/p><\/td><\/tr><tr><td width=\"138\"><p>Fruit Trees (Apple, Pear, Strawberry,<\/p><p>(Citrus fruits, etc.)<\/p><\/td><td width=\"108\"><p><strong>\u00a0<\/strong><\/p><p>40 \u2013 60 g \/ da<\/p><\/td><td width=\"194\"><p><strong>\u00a0<\/strong><\/p><p>With an irrigation system to the root zone.<\/p><\/td><td width=\"193\"><p>Before flowering, during fruit development, and after harvest if necessary.<\/p><\/td><\/tr><tr><td width=\"138\"><p>Vineyards (Grapes)<\/p><\/td><td width=\"108\"><p>40 \u2013 50 g \/ da<\/p><\/td><td width=\"194\"><p>Soil application (Drip irrigation)<\/p><\/td><td width=\"193\"><p>Bud bursting, flowering<\/p><p>and during fruit setting periods<\/p><\/td><\/tr><tr><td width=\"138\"><p>Legumes (Peas, Beans,<\/p><p>Lentil)<\/p><\/td><td width=\"108\"><p><strong>\u00a0<\/strong><\/p><p>30 \u2013 40 g \/ da<\/p><\/td><td width=\"194\"><p><strong>\u00a0<\/strong><\/p><p>With irrigation water (20-30 L water \/ decare)<\/p><\/td><td width=\"193\"><p>During young plant development and flowering period<\/p><\/td><\/tr><tr><td width=\"138\"><p>Grains<\/p><p>(Wheat, barley, corn, etc.)<\/p><\/td><td width=\"108\"><p>30 \u2013 50 g \/ da<\/p><\/td><td width=\"194\"><p>Apply 20\u201330 L of water per decare directly to the soil before planting.<\/p><\/td><td width=\"193\"><p>3\u20135 leaf stage and spike<\/p><p>at the beginning of its formation<\/p><\/td><\/tr><tr><td width=\"138\"><p>Seedlings \/<\/p><p>Young Saplings<\/p><\/td><td width=\"108\"><p>30 g\/da or<\/p><p>5-10 g per 10 liters of water<\/p><\/td><td width=\"194\"><p>Watering the root zone after planting.<\/p><\/td><td width=\"193\"><p>Two applications, on the 7th and 14th days after planting.<\/p><\/td><\/tr><\/tbody><\/table>\t\t\t\t\t\t\t\t<\/div>\n\t\t\t\t<div class=\"elementor-element elementor-element-990d915 elementor-widget elementor-widget-elementskit-heading\" data-id=\"990d915\" data-element_type=\"widget\" data-settings=\"{&quot;ekit_we_effect_on&quot;:&quot;none&quot;}\" data-widget_type=\"elementskit-heading.default\">\n\t\t\t\t\t<div class=\"ekit-wid-con\" ><div class=\"ekit-heading elementskit-section-title-wraper text_left   ekit_heading_tablet-   ekit_heading_mobile-\"><h2 class=\"ekit-heading--title elementskit-section-title\">Storage Conditions<\/h2><\/div><\/div>\t\t\t\t<\/div>\n\t\t\t\t<div class=\"elementor-element elementor-element-faedc4c elementor-widget__width-initial elementor-widget elementor-widget-text-editor\" data-id=\"faedc4c\" data-element_type=\"widget\" data-settings=\"{&quot;ekit_we_effect_on&quot;:&quot;none&quot;}\" data-widget_type=\"text-editor.default\">\n\t\t\t\t\t\t\t\t\t<p>Store BCC Cultuur in its original packaging under normal conditions (in a cool and dry place). Do not expose the product to direct sunlight or moisture. Under normal conditions, the shelf life of the product is 2 years from the date of manufacture. Storage temperature should be between +4\u00b0 and +25\u00b0C.<\/p><h5><strong>Instructions for Obtaining Liquid Concentrate Product<\/strong><\/h5><p>1 tablet, to be added to 20 liters.\u00a0<strong>chlorine-free<\/strong><strong>\u00a0<\/strong><strong>This<\/strong><strong>\u00a0<\/strong>It is dissolved by mixing with it.<\/p>\t\t\t\t\t\t\t\t<\/div>\n\t\t\t\t<div class=\"elementor-element elementor-element-7ac2d25 elementor-widget elementor-widget-elementskit-heading\" data-id=\"7ac2d25\" data-element_type=\"widget\" data-settings=\"{&quot;ekit_we_effect_on&quot;:&quot;none&quot;}\" data-widget_type=\"elementskit-heading.default\">\n\t\t\t\t\t<div class=\"ekit-wid-con\" ><div class=\"ekit-heading elementskit-section-title-wraper text_left   ekit_heading_tablet-   ekit_heading_mobile-\"><h2 class=\"ekit-heading--title elementskit-section-title\">Dosage, Timing, and Method of Use<\/h2><\/div><\/div>\t\t\t\t<\/div>\n\t\t\t\t<div class=\"elementor-element elementor-element-6959703 elementor-widget elementor-widget-text-editor\" data-id=\"6959703\" data-element_type=\"widget\" data-settings=\"{&quot;ekit_we_effect_on&quot;:&quot;none&quot;}\" data-widget_type=\"text-editor.default\">\n\t\t\t\t\t\t\t\t\t<table><tbody><tr><td width=\"145\"><p><strong>APPLICATION<\/strong><strong>\u00a0<\/strong><strong>Area<\/strong><\/p><\/td><td width=\"106\"><p><strong>Dosage<\/strong><\/p><p>(per decare)<\/p><\/td><td width=\"212\"><p><strong>APPLICATION<\/strong><strong>\u00a0<\/strong><strong>Method<\/strong><\/p><\/td><td width=\"204\"><p><strong>APPLICATION<\/strong><strong>\u00a0<\/strong><strong>Time<\/strong><\/p><\/td><\/tr><tr><td width=\"145\"><p>Vegetables<\/p><p>(Tomatoes, Cucumbers,<\/p><p>(Cabbage, etc.)<\/p><\/td><td width=\"106\"><p>1 Tablet \/ day<\/p><\/td><td width=\"212\"><p>Dissolve in sufficient water (20\u201340 L\/da) and apply via drip irrigation.<\/p><\/td><td width=\"204\"><p>Before planting the seedlings or every 7-14 days after planting.<\/p><\/td><\/tr><tr><td width=\"145\"><p>Fruit Trees (Apple, Pear, Strawberry,<\/p><p>(Citrus fruits, etc.)<\/p><\/td><td width=\"106\"><p><strong>\u00a0<\/strong><\/p><p>1-2 Tablets per day<\/p><\/td><td width=\"212\"><p><strong>\u00a0<\/strong><\/p><p>Irrigation to the root zone<\/p><\/td><td width=\"204\"><p>Before flowering, during fruit development, and after harvest if necessary.<\/p><\/td><\/tr><tr><td width=\"145\"><p>Vineyards<\/p><\/td><td width=\"106\"><p>1-2 Tablets per day<\/p><\/td><td width=\"212\"><p>With drip irrigation<\/p><\/td><td width=\"204\"><p>Bud development, before flowering and after fruit set.<\/p><\/td><\/tr><tr><td width=\"145\"><p>Legumes (Peas, Beans,<\/p><p>Lentil)<\/p><\/td><td width=\"106\"><p><strong>\u00a0<\/strong><\/p><p>1 Tablet \/ day<\/p><\/td><td width=\"212\"><p><strong>\u00a0<\/strong><\/p><p>With irrigation water<\/p><\/td><td width=\"204\"><p>During seedling growth and flowering period<\/p><\/td><\/tr><tr><td width=\"145\"><p>Seedlings \/ Young Saplings<\/p><\/td><td width=\"106\"><p>1 Tablet \/ day<\/p><\/td><td width=\"212\"><p>By watering the root zone<\/p><\/td><td width=\"204\"><p>Immediately before planting or during planting<\/p><\/td><\/tr><\/tbody><\/table>\t\t\t\t\t\t\t\t<\/div>\n\t\t\t\t\t<\/div>\n\t\t\t\t<\/div>\n\t\t<div class=\"elementor-element elementor-element-c7b4f9d e-flex e-con-boxed e-con e-parent\" data-id=\"c7b4f9d\" data-element_type=\"container\">\n\t\t\t\t\t<div class=\"e-con-inner\">\n\t\t<div class=\"elementor-element elementor-element-3149c59 e-con-full e-flex e-con e-child\" data-id=\"3149c59\" data-element_type=\"container\">\n\t\t\t\t<div class=\"elementor-element elementor-element-ab362fe elementor-widget elementor-widget-text-editor\" data-id=\"ab362fe\" data-element_type=\"widget\" data-settings=\"{&quot;ekit_we_effect_on&quot;:&quot;none&quot;}\" data-widget_type=\"text-editor.default\">\n\t\t\t\t\t\t\t\t\t<h3 data-start=\"134\" data-end=\"193\"><strong data-start=\"138\" data-end=\"191\">Substances that can reduce microorganism activity.<\/strong><\/h3><p data-start=\"194\" data-end=\"324\">Contact with substances that may affect the viability of microorganisms, such as chlorine, fungicides, or harsh chemicals, should be avoided.<br \/><br \/><\/p><h3 data-start=\"331\" data-end=\"359\"><strong data-start=\"335\" data-end=\"357\">Storage Conditions<\/strong><\/h3><p data-start=\"360\" data-end=\"689\"><strong data-start=\"360\" data-end=\"370\">X-Sono<\/strong>, It should be stored in its original packaging under normal conditions (in a cool and dry place).<br data-start=\"463\" data-end=\"466\" \/>The product should not be exposed to direct sunlight or moisture.<br data-start=\"526\" data-end=\"529\" \/>The storage period of the product under normal conditions is from the date of manufacture. <strong data-start=\"614\" data-end=\"627\">For 2 years.<\/strong><br data-start=\"627\" data-end=\"630\" \/>Storage temperature <strong data-start=\"649\" data-end=\"667\">+5\u00b0C to +30\u00b0C<\/strong> It should be between them.<\/p>\t\t\t\t\t\t\t\t<\/div>\n\t\t\t\t<\/div>\n\t\t<div class=\"elementor-element elementor-element-c8849e1 e-con-full e-flex e-con e-child\" data-id=\"c8849e1\" data-element_type=\"container\">\n\t\t\t\t<div class=\"elementor-element elementor-element-3a6a5a0 elementor-widget elementor-widget-image\" data-id=\"3a6a5a0\" data-element_type=\"widget\" data-settings=\"{&quot;ekit_we_effect_on&quot;:&quot;none&quot;}\" data-widget_type=\"image.default\">\n\t\t\t\t\t\t\t\t\t\t\t\t\t\t\t<img decoding=\"async\" width=\"690\" height=\"783\" src=\"https:\/\/rootbac.com\/wp-content\/uploads\/2025\/11\/Rootbac-presantation-2025-k-e1762257589641.jpg\" class=\"attachment-full size-full wp-image-600\" alt=\"\" srcset=\"https:\/\/rootbac.com\/wp-content\/uploads\/2025\/11\/Rootbac-presantation-2025-k-e1762257589641.jpg 690w, https:\/\/rootbac.com\/wp-content\/uploads\/2025\/11\/Rootbac-presantation-2025-k-e1762257589641-264x300.jpg 264w\" sizes=\"(max-width: 690px) 100vw, 690px\" \/>\t\t\t\t\t\t\t\t\t\t\t\t\t\t\t<\/div>\n\t\t\t\t<\/div>\n\t\t\t\t\t<\/div>\n\t\t\t\t<\/div>\n\t\t\t\t<\/div>\n\t\t\n    <div class=\"xs_social_share_widget xs_share_url after_content \t\tmain_content  wslu-style-1 wslu-share-box-shaped wslu-fill-colored wslu-none wslu-share-horizontal wslu-theme-font-no wslu-main_content\">\n\n\t\t\n        <ul>\n\t\t\t        <\/ul>\n    <\/div>","protected":false},"excerpt":{"rendered":"<p>\u00dcr\u00fcnlerin Uygulama Rehberi Bcc Cultuure 8200 Uygulama Rehberi Kullan\u0131m K\u0131lavuzu Haz\u0131rl\u0131k: Tozu tamamen temiz, klor i\u00e7ermeyen suda \u00e7\u00f6z\u00fcn. Uygulama zaman\u0131:\u00a0Tercihen sabah erken saatlerde veya ak\u015fam\u00fczeri uygulanmal\u0131d\u0131r; bu bakterilerin UV \u0131\u015f\u0131nlar\u0131ndan zarar g\u00f6rmesini \u00f6nler. Uyumluluk:\u00a0Bak\u0131r veya k\u00fck\u00fcrt i\u00e7eren \u00fcr\u00fcnler, g\u00fc\u00e7l\u00fc mantar ila\u00e7lar\u0131 ya da antibiyotiklerle kar\u0131\u015ft\u0131rmay\u0131n. Kullan\u0131m Dozu, Zaman\u0131 ve \u015eekli Uygulama\u00a0Alan\u0131 Dozaj (dekar\u00a0ba\u015f\u0131na) Uygulama\u00a0Y\u00f6ntemi Uygulama\u00a0Zaman\u0131 [&hellip;]<\/p>","protected":false},"author":1,"featured_media":0,"parent":0,"menu_order":0,"comment_status":"closed","ping_status":"closed","template":"","meta":{"postBodyCss":"","postBodyMargin":[],"postBodyPadding":[],"postBodyBackground":{"backgroundType":"classic","gradient":""},"footnotes":""},"class_list":["post-24","page","type-page","status-publish","hentry"],"_links":{"self":[{"href":"https:\/\/rootbac.com\/en\/wp-json\/wp\/v2\/pages\/24","targetHints":{"allow":["GET"]}}],"collection":[{"href":"https:\/\/rootbac.com\/en\/wp-json\/wp\/v2\/pages"}],"about":[{"href":"https:\/\/rootbac.com\/en\/wp-json\/wp\/v2\/types\/page"}],"author":[{"embeddable":true,"href":"https:\/\/rootbac.com\/en\/wp-json\/wp\/v2\/users\/1"}],"replies":[{"embeddable":true,"href":"https:\/\/rootbac.com\/en\/wp-json\/wp\/v2\/comments?post=24"}],"version-history":[{"count":15,"href":"https:\/\/rootbac.com\/en\/wp-json\/wp\/v2\/pages\/24\/revisions"}],"predecessor-version":[{"id":607,"href":"https:\/\/rootbac.com\/en\/wp-json\/wp\/v2\/pages\/24\/revisions\/607"}],"wp:attachment":[{"href":"https:\/\/rootbac.com\/en\/wp-json\/wp\/v2\/media?parent=24"}],"curies":[{"name":"wp","href":"https:\/\/api.w.org\/{rel}","templated":true}]}}