{"id":22,"date":"2025-10-16T11:50:59","date_gmt":"2025-10-16T11:50:59","guid":{"rendered":"https:\/\/rootbac.com\/?page_id=22"},"modified":"2025-11-05T12:54:39","modified_gmt":"2025-11-05T12:54:39","slug":"hakkimizda","status":"publish","type":"page","link":"https:\/\/rootbac.com\/en\/hakkimizda\/","title":{"rendered":"About Us"},"content":{"rendered":"<div data-elementor-type=\"wp-page\" data-elementor-id=\"22\" class=\"elementor elementor-22\" data-elementor-post-type=\"page\">\n\t\t\t\t<div class=\"elementor-element elementor-element-e12efb0 e-flex e-con-boxed e-con e-parent\" data-id=\"e12efb0\" data-element_type=\"container\" data-settings=\"{&quot;background_background&quot;:&quot;gradient&quot;}\">\n\t\t\t\t\t<div class=\"e-con-inner\">\n\t\t<div class=\"elementor-element elementor-element-53514b0 e-con-full e-flex e-con e-child\" data-id=\"53514b0\" data-element_type=\"container\">\n\t\t\t\t<div class=\"elementor-element elementor-element-dce4e77 elementor-widget elementor-widget-heading\" data-id=\"dce4e77\" data-element_type=\"widget\" data-settings=\"{&quot;ekit_we_effect_on&quot;:&quot;none&quot;}\" data-widget_type=\"heading.default\">\n\t\t\t\t\t<h2 class=\"elementor-heading-title elementor-size-default\">Our company<br>\nWe are shaping the future of agriculture with biotechnology.\n<\/h2>\t\t\t\t<\/div>\n\t\t\t\t<\/div>\n\t\t<div class=\"elementor-element elementor-element-4ee4a02 e-con-full elementor-hidden-mobile e-flex e-con e-child\" data-id=\"4ee4a02\" data-element_type=\"container\">\n\t\t\t\t<\/div>\n\t\t\t\t\t<\/div>\n\t\t\t\t<\/div>\n\t\t<div class=\"elementor-element elementor-element-4ac87a7 e-flex e-con-boxed e-con e-parent\" data-id=\"4ac87a7\" data-element_type=\"container\" data-settings=\"{&quot;background_background&quot;:&quot;classic&quot;}\">\n\t\t\t\t\t<div class=\"e-con-inner\">\n\t\t\t\t<div class=\"elementor-element elementor-element-50676a9 elementor-widget elementor-widget-text-editor\" data-id=\"50676a9\" data-element_type=\"widget\" data-settings=\"{&quot;ekit_we_effect_on&quot;:&quot;none&quot;}\" data-widget_type=\"text-editor.default\">\n\t\t\t\t\t\t\t\t\t<p data-start=\"126\" data-end=\"490\"><strong data-start=\"126\" data-end=\"137\">Rootbac<\/strong>, It is a family of biotechnology companies that develops innovative and environmentally friendly solutions for agriculture and wastewater recycling.<br data-start=\"251\" data-end=\"254\" \/>Inspired by the principle of sustainability, Rootbac supports agricultural production with highly efficient bacteria and offers environmentally friendly wastewater treatment alternatives. Rootbac works to make the future more livable with nature-friendly technologies.<\/p>\t\t\t\t\t\t\t\t<\/div>\n\t\t\t\t\t<\/div>\n\t\t\t\t<\/div>\n\t\t<div class=\"elementor-element elementor-element-9e57173 e-flex e-con-boxed e-con e-parent\" data-id=\"9e57173\" data-element_type=\"container\">\n\t\t\t\t\t<div class=\"e-con-inner\">\n\t\t\t\t<div class=\"elementor-element elementor-element-07eb067 elementor-widget-divider--view-line_icon elementor-view-default elementor-widget-divider--element-align-center elementor-widget elementor-widget-divider\" data-id=\"07eb067\" data-element_type=\"widget\" data-settings=\"{&quot;ekit_we_effect_on&quot;:&quot;css&quot;}\" data-widget_type=\"divider.default\">\n\t\t\t\t\t\t\t<div class=\"elementor-divider\">\n\t\t\t<span class=\"elementor-divider-separator\">\n\t\t\t\t\t\t\t<div class=\"elementor-icon elementor-divider__element\">\n\t\t\t\t\t<svg aria-hidden=\"true\" class=\"e-font-icon-svg e-fas-tree\" viewbox=\"0 0 384 512\" xmlns=\"http:\/\/www.w3.org\/2000\/svg\"><path d=\"M378.31 378.49L298.42 288h30.63c9.01 0 16.98-5 20.78-13.06 3.8-8.04 2.55-17.26-3.28-24.05L268.42 160h28.89c9.1 0 17.3-5.35 20.86-13.61 3.52-8.13 1.86-17.59-4.24-24.08L203.66 4.83c-6.03-6.45-17.28-6.45-23.32 0L70.06 122.31c-6.1 6.49-7.75 15.95-4.24 24.08C69.38 154.65 77.59 160 86.69 160h28.89l-78.14 90.91c-5.81 6.78-7.06 15.99-3.27 24.04C37.97 283 45.93 288 54.95 288h30.63L5.69 378.49c-6 6.79-7.36 16.09-3.56 24.26 3.75 8.05 12 13.25 21.01 13.25H160v24.45l-30.29 48.4c-5.32 10.64 2.42 23.16 14.31 23.16h95.96c11.89 0 19.63-12.52 14.31-23.16L224 440.45V416h136.86c9.01 0 17.26-5.2 21.01-13.25 3.8-8.17 2.44-17.47-3.56-24.26z\"><\/path><\/svg><\/div>\n\t\t\t\t\t\t<\/span>\n\t\t<\/div>\n\t\t\t\t\t\t<\/div>\n\t\t\t\t<div class=\"elementor-element elementor-element-25e92b3 elementor-widget elementor-widget-image\" data-id=\"25e92b3\" data-element_type=\"widget\" data-settings=\"{&quot;ekit_we_effect_on&quot;:&quot;none&quot;}\" data-widget_type=\"image.default\">\n\t\t\t\t\t\t\t\t\t\t\t\t\t\t\t<img fetchpriority=\"high\" decoding=\"async\" width=\"327\" height=\"313\" src=\"https:\/\/rootbac.com\/wp-content\/uploads\/2025\/10\/LOGO-YENI-BOYUT2.png\" class=\"attachment-large size-large wp-image-298\" alt=\"\" srcset=\"https:\/\/rootbac.com\/wp-content\/uploads\/2025\/10\/LOGO-YENI-BOYUT2.png 327w, https:\/\/rootbac.com\/wp-content\/uploads\/2025\/10\/LOGO-YENI-BOYUT2-300x287.png 300w\" sizes=\"(max-width: 327px) 100vw, 327px\" \/>\t\t\t\t\t\t\t\t\t\t\t\t\t\t\t<\/div>\n\t\t\t\t\t<\/div>\n\t\t\t\t<\/div>\n\t\t<div class=\"elementor-element elementor-element-d0eed60 e-flex e-con-boxed e-con e-parent\" data-id=\"d0eed60\" data-element_type=\"container\" data-settings=\"{&quot;background_background&quot;:&quot;classic&quot;}\">\n\t\t\t\t\t<div class=\"e-con-inner\">\n\t\t<div class=\"elementor-element elementor-element-aceac9e e-con-full e-flex e-con e-child\" data-id=\"aceac9e\" data-element_type=\"container\">\n\t\t\t\t<div class=\"elementor-element elementor-element-d6a8ee4 elementor-widget elementor-widget-elementskit-heading\" data-id=\"d6a8ee4\" data-element_type=\"widget\" data-settings=\"{&quot;ekit_we_effect_on&quot;:&quot;none&quot;}\" data-widget_type=\"elementskit-heading.default\">\n\t\t\t\t\t<div class=\"ekit-wid-con\" ><div class=\"ekit-heading elementskit-section-title-wraper text_left   ekit_heading_tablet-   ekit_heading_mobile-\"><h2 class=\"ekit-heading--title elementskit-section-title\"><span><span>ABOUT US<\/span><\/span><\/h2><div class=\"ekit_heading_separetor_wraper ekit_heading_elementskit-border-divider ekit-dotted\"><div class=\"elementskit-border-divider ekit-dotted\"><\/div><\/div><\/div><\/div>\t\t\t\t<\/div>\n\t\t\t\t<div class=\"elementor-element elementor-element-8c119a6 elementor-widget elementor-widget-text-editor\" data-id=\"8c119a6\" data-element_type=\"widget\" data-settings=\"{&quot;ekit_we_effect_on&quot;:&quot;none&quot;}\" data-widget_type=\"text-editor.default\">\n\t\t\t\t\t\t\t\t\t<p>Rootbac is a family business that produces innovative and environmentally friendly solutions for agriculture and wastewater recycling, guided by the principle of sustainability. To effectively achieve our goals and mission, we utilize and offer highly effective bacteria in the fields of agriculture and water recycling to our customers. In this context, we strengthen our farmers&#039; production by using specific bacteria to support agricultural production and ensure that our soils remain free from harmful bacteria. Furthermore, as the Rootbac family, we utilize our extensive bacterial inventory to open the door to economical and easily applicable wastewater treatment alternatives.<\/p>\t\t\t\t\t\t\t\t<\/div>\n\t\t\t\t<\/div>\n\t\t<div class=\"elementor-element elementor-element-dd996d7 e-con-full e-flex e-con e-child\" data-id=\"dd996d7\" data-element_type=\"container\">\n\t\t\t\t<div class=\"elementor-element elementor-element-ca3bf6c elementor-widget elementor-widget-elementskit-heading\" data-id=\"ca3bf6c\" data-element_type=\"widget\" data-settings=\"{&quot;ekit_we_effect_on&quot;:&quot;none&quot;}\" data-widget_type=\"elementskit-heading.default\">\n\t\t\t\t\t<div class=\"ekit-wid-con\" ><div class=\"ekit-heading elementskit-section-title-wraper text_left   ekit_heading_tablet-   ekit_heading_mobile-\"><h2 class=\"ekit-heading--title elementskit-section-title\"><span><span>What<\/span><\/span> Are we doing it?<\/h2><div class=\"ekit_heading_separetor_wraper ekit_heading_elementskit-border-divider ekit-dotted\"><div class=\"elementskit-border-divider ekit-dotted\"><\/div><\/div><\/div><\/div>\t\t\t\t<\/div>\n\t\t\t\t<div class=\"elementor-element elementor-element-94d0781 elementor-widget elementor-widget-text-editor\" data-id=\"94d0781\" data-element_type=\"widget\" data-settings=\"{&quot;ekit_we_effect_on&quot;:&quot;none&quot;}\" data-widget_type=\"text-editor.default\">\n\t\t\t\t\t\t\t\t\t<p data-start=\"1157\" data-end=\"1363\">At RootBac, we transform microorganisms into beneficial solutions to help maintain the balance of nature.<br data-start=\"1246\" data-end=\"1249\" \/>With our expert team, we develop and prepare customized bacterial combinations for each project.<\/p>\t\t\t\t\t\t\t\t<\/div>\n\t\t\t\t<\/div>\n\t\t\t\t\t<\/div>\n\t\t\t\t<\/div>\n\t\t<div class=\"elementor-element elementor-element-fdf4d61 e-flex e-con-boxed e-con e-parent\" data-id=\"fdf4d61\" data-element_type=\"container\" data-settings=\"{&quot;background_background&quot;:&quot;classic&quot;}\">\n\t\t\t\t\t<div class=\"e-con-inner\">\n\t\t<div class=\"elementor-element elementor-element-8f14135 e-con-full e-flex e-con e-child\" data-id=\"8f14135\" data-element_type=\"container\">\n\t\t\t\t<div class=\"elementor-element elementor-element-28809ad elementor-widget elementor-widget-elementskit-heading\" data-id=\"28809ad\" data-element_type=\"widget\" data-settings=\"{&quot;ekit_we_effect_on&quot;:&quot;none&quot;}\" data-widget_type=\"elementskit-heading.default\">\n\t\t\t\t\t<div class=\"ekit-wid-con\" ><div class=\"ekit-heading elementskit-section-title-wraper text_left   ekit_heading_tablet-   ekit_heading_mobile-\"><h2 class=\"ekit-heading--title elementskit-section-title\"><span><span>Our Mission<\/span><\/span><\/h2><div class=\"ekit_heading_separetor_wraper ekit_heading_elementskit-border-divider ekit-dotted\"><div class=\"elementskit-border-divider ekit-dotted\"><\/div><\/div><\/div><\/div>\t\t\t\t<\/div>\n\t\t\t\t<div class=\"elementor-element elementor-element-c21d894 elementor-widget elementor-widget-text-editor\" data-id=\"c21d894\" data-element_type=\"widget\" data-settings=\"{&quot;ekit_we_effect_on&quot;:&quot;none&quot;}\" data-widget_type=\"text-editor.default\">\n\t\t\t\t\t\t\t\t\t<p>With our extensive inventory and knowledge of Bacillus species of fermenting bacteria, we can contribute to the agricultural sector and<br \/>To offer cost-effective solutions to industry, to ensure sustainability in agriculture and industry.<br \/>This is the sole responsibility of our company.<br \/>In our experimental areas, we aim to ensure that Bacillus species of bacteria work most effectively.<br \/>In this way, we conduct research to meet the needs of agriculture and industry.<br \/>Our biologically based solutions are tested through a collective approach and in collaboration with universities, and<br \/>We are guaranteeing sustainable agricultural and industrial practices for the future.<\/p>\t\t\t\t\t\t\t\t<\/div>\n\t\t\t\t<\/div>\n\t\t<div class=\"elementor-element elementor-element-a2c60af e-con-full e-flex e-con e-child\" data-id=\"a2c60af\" data-element_type=\"container\">\n\t\t\t\t<div class=\"elementor-element elementor-element-777613e elementor-widget elementor-widget-elementskit-heading\" data-id=\"777613e\" data-element_type=\"widget\" data-settings=\"{&quot;ekit_we_effect_on&quot;:&quot;none&quot;}\" data-widget_type=\"elementskit-heading.default\">\n\t\t\t\t\t<div class=\"ekit-wid-con\" ><div class=\"ekit-heading elementskit-section-title-wraper text_left   ekit_heading_tablet-   ekit_heading_mobile-\"><h2 class=\"ekit-heading--title elementskit-section-title\"><span><span>Our goals<\/span><\/span><\/h2><div class=\"ekit_heading_separetor_wraper ekit_heading_elementskit-border-divider ekit-dotted\"><div class=\"elementskit-border-divider ekit-dotted\"><\/div><\/div><\/div><\/div>\t\t\t\t<\/div>\n\t\t\t\t<div class=\"elementor-element elementor-element-ad3f411 elementor-widget elementor-widget-text-editor\" data-id=\"ad3f411\" data-element_type=\"widget\" data-settings=\"{&quot;ekit_we_effect_on&quot;:&quot;none&quot;}\" data-widget_type=\"text-editor.default\">\n\t\t\t\t\t\t\t\t\t<p>By meeting the needs of farmers, we are working towards a more sustainable agriculture and world.<br \/>As an alternative to most chemical inputs, naturally occurring biological solutions offer an effective and reliable solution.<br \/>We believe it offers an alternative.<\/p>\t\t\t\t\t\t\t\t<\/div>\n\t\t\t\t<\/div>\n\t\t\t\t\t<\/div>\n\t\t\t\t<\/div>\n\t\t\t\t<\/div>\n\t\t\n    <div class=\"xs_social_share_widget xs_share_url after_content \t\tmain_content  wslu-style-1 wslu-share-box-shaped wslu-fill-colored wslu-none wslu-share-horizontal wslu-theme-font-no wslu-main_content\">\n\n\t\t\n        <ul>\n\t\t\t        <\/ul>\n    <\/div>","protected":false},"excerpt":{"rendered":"<p>Firmam\u0131z Biyoteknolojiyle tar\u0131m\u0131n gelece\u011fini \u015fekillendiriyoruz. Rootbac, tar\u0131m ve at\u0131k su geri d\u00f6n\u00fc\u015f\u00fcm\u00fcne y\u00f6nelik inovatif ve do\u011fa dostu \u00e7\u00f6z\u00fcmler geli\u015ftiren bir biyoteknoloji ailesidir.S\u00fcrd\u00fcr\u00fclebilirlik ilkesinden ilham alarak, y\u00fcksek verimli bakterilerle tar\u0131msal \u00fcretimi destekler ve \u00e7evre dostu at\u0131k su ar\u0131t\u0131m\u0131 alternatifleri sunar. Rootbac, do\u011fayla uyumlu teknolojilerle gelece\u011fi daha ya\u015fanabilir k\u0131lmak i\u00e7in \u00e7al\u0131\u015f\u0131r. HAKKIMIZDA Rootbac, tar\u0131m ve at\u0131k su [&hellip;]<\/p>","protected":false},"author":1,"featured_media":0,"parent":0,"menu_order":0,"comment_status":"closed","ping_status":"closed","template":"","meta":{"postBodyCss":"","postBodyMargin":[],"postBodyPadding":[],"postBodyBackground":{"backgroundType":"classic","gradient":""},"footnotes":""},"class_list":["post-22","page","type-page","status-publish","hentry"],"_links":{"self":[{"href":"https:\/\/rootbac.com\/en\/wp-json\/wp\/v2\/pages\/22","targetHints":{"allow":["GET"]}}],"collection":[{"href":"https:\/\/rootbac.com\/en\/wp-json\/wp\/v2\/pages"}],"about":[{"href":"https:\/\/rootbac.com\/en\/wp-json\/wp\/v2\/types\/page"}],"author":[{"embeddable":true,"href":"https:\/\/rootbac.com\/en\/wp-json\/wp\/v2\/users\/1"}],"replies":[{"embeddable":true,"href":"https:\/\/rootbac.com\/en\/wp-json\/wp\/v2\/comments?post=22"}],"version-history":[{"count":79,"href":"https:\/\/rootbac.com\/en\/wp-json\/wp\/v2\/pages\/22\/revisions"}],"predecessor-version":[{"id":677,"href":"https:\/\/rootbac.com\/en\/wp-json\/wp\/v2\/pages\/22\/revisions\/677"}],"wp:attachment":[{"href":"https:\/\/rootbac.com\/en\/wp-json\/wp\/v2\/media?parent=22"}],"curies":[{"name":"wp","href":"https:\/\/api.w.org\/{rel}","templated":true}]}}