{"id":11,"date":"2025-10-16T11:31:57","date_gmt":"2025-10-16T11:31:57","guid":{"rendered":"https:\/\/rootbac.com\/?page_id=11"},"modified":"2025-11-04T07:59:06","modified_gmt":"2025-11-04T07:59:06","slug":"anasayfa","status":"publish","type":"page","link":"https:\/\/rootbac.com\/en\/","title":{"rendered":"Homepage"},"content":{"rendered":"<div data-elementor-type=\"wp-page\" data-elementor-id=\"11\" class=\"elementor elementor-11\" data-elementor-post-type=\"page\">\n\t\t\t\t<div class=\"elementor-element elementor-element-2018e22 e-con-full e-flex e-con e-parent\" data-id=\"2018e22\" data-element_type=\"container\" data-settings=\"{&quot;background_background&quot;:&quot;video&quot;,&quot;background_video_link&quot;:&quot;https:\\\/\\\/rootbac.com\\\/wp-content\\\/uploads\\\/2025\\\/10\\\/timelapse-of-a-beautiful-orange-sunrise-with-movin-4k-2025-08-29-07-37-11-utc.mp4&quot;,&quot;background_play_on_mobile&quot;:&quot;yes&quot;}\">\n\t\t<div class=\"elementor-background-video-container\" aria-hidden=\"true\">\n\t\t\t\t\t\t\t<video class=\"elementor-background-video-hosted\" autoplay muted playsinline loop><\/video>\n\t\t\t\t\t<\/div><div class=\"elementor-element elementor-element-bffe43b e-con-full e-flex e-con e-child\" data-id=\"bffe43b\" data-element_type=\"container\">\n\t\t\t\t<div class=\"elementor-element elementor-element-78a1cd5 elementor-widget elementor-widget-elementskit-heading\" data-id=\"78a1cd5\" data-element_type=\"widget\" data-settings=\"{&quot;ekit_we_effect_on&quot;:&quot;none&quot;}\" data-widget_type=\"elementskit-heading.default\">\n\t\t\t\t\t<div class=\"ekit-wid-con\" ><div class=\"ekit-heading elementskit-section-title-wraper text_left   ekit_heading_tablet-   ekit_heading_mobile-\"><h2 class=\"ekit-heading--title elementskit-section-title\"><span><span>Future<\/span><\/span> Bio<br> It Starts with Solutions<\/h2><\/div><\/div>\t\t\t\t<\/div>\n\t\t\t\t<\/div>\n\t\t<div class=\"elementor-element elementor-element-83308df e-con-full elementor-hidden-mobile e-flex e-con e-child\" data-id=\"83308df\" data-element_type=\"container\">\n\t\t\t\t<\/div>\n\t\t\t\t<\/div>\n\t\t<div class=\"elementor-element elementor-element-c785240 e-flex e-con-boxed e-con e-parent\" data-id=\"c785240\" data-element_type=\"container\">\n\t\t\t\t\t<div class=\"e-con-inner\">\n\t\t\t\t<div class=\"elementor-element elementor-element-80186d7 elementor-widget elementor-widget-elementskit-heading\" data-id=\"80186d7\" data-element_type=\"widget\" data-settings=\"{&quot;ekit_we_effect_on&quot;:&quot;none&quot;}\" data-widget_type=\"elementskit-heading.default\">\n\t\t\t\t\t<div class=\"ekit-wid-con\" ><div class=\"ekit-heading elementskit-section-title-wraper text_left   ekit_heading_tablet-   ekit_heading_mobile-\"><h2 class=\"ekit-heading--title elementskit-section-title\"><span><span>BIOFERTILIZERS<\/span><\/span> The World of Tomorrow<\/h2><div class=\"ekit_heading_separetor_wraper ekit_heading_elementskit-border-divider ekit-dotted\"><div class=\"elementskit-border-divider ekit-dotted\"><\/div><\/div><\/div><\/div>\t\t\t\t<\/div>\n\t\t\t\t<div class=\"elementor-element elementor-element-69f8226 elementor-widget elementor-widget-text-editor\" data-id=\"69f8226\" data-element_type=\"widget\" data-settings=\"{&quot;ekit_we_effect_on&quot;:&quot;none&quot;}\" data-widget_type=\"text-editor.default\">\n\t\t\t\t\t\t\t\t\t<p>While supporting the healthy and productive growth of your plants, you also conserve water resources and protect nature.<br \/>We offer life-sustaining biological solutions. With Rootbac products, organic products are available every step of the way.<br \/>Feel the power of agriculture and our respect for nature.<\/p>\t\t\t\t\t\t\t\t<\/div>\n\t\t\t\t\t<\/div>\n\t\t\t\t<\/div>\n\t\t<div class=\"elementor-element elementor-element-93c4d46 e-flex e-con-boxed e-con e-parent\" data-id=\"93c4d46\" data-element_type=\"container\" data-settings=\"{&quot;background_background&quot;:&quot;classic&quot;}\">\n\t\t\t\t\t<div class=\"e-con-inner\">\n\t\t<div class=\"elementor-element elementor-element-be555f6 e-con-full e-flex e-con e-child\" data-id=\"be555f6\" data-element_type=\"container\">\n\t\t\t\t<div class=\"elementor-element elementor-element-76ef922 elementor-widget elementor-widget-elementskit-heading\" data-id=\"76ef922\" data-element_type=\"widget\" data-settings=\"{&quot;ekit_we_effect_on&quot;:&quot;none&quot;}\" data-widget_type=\"elementskit-heading.default\">\n\t\t\t\t\t<div class=\"ekit-wid-con\" ><div class=\"ekit-heading elementskit-section-title-wraper text_left   ekit_heading_tablet-   ekit_heading_mobile-\"><h2 class=\"ekit-heading--title elementskit-section-title\"><span><span>ABOUT US<\/span><\/span><br>  WHO IS ROOTBAC?<\/h2><div class=\"ekit_heading_separetor_wraper ekit_heading_elementskit-border-divider ekit-dotted\"><div class=\"elementskit-border-divider ekit-dotted\"><\/div><\/div><\/div><\/div>\t\t\t\t<\/div>\n\t\t\t\t<div class=\"elementor-element elementor-element-06cf0f5 elementor-widget elementor-widget-text-editor\" data-id=\"06cf0f5\" data-element_type=\"widget\" data-settings=\"{&quot;ekit_we_effect_on&quot;:&quot;none&quot;}\" data-widget_type=\"text-editor.default\">\n\t\t\t\t\t\t\t\t\t<p><strong data-start=\"147\" data-end=\"158\">Rootbac<\/strong>, It is a company founded on the principle of sustainability, aiming to meet the needs of industrial and agricultural businesses in a way that is compatible with nature.<br data-start=\"315\" data-end=\"318\" \/>Our company focuses on increasing agricultural production and carrying out water treatment processes, aiming to reduce environmental pollution and costs by using biological elements.<br data-start=\"505\" data-end=\"508\" \/>In this regard, <strong data-start=\"523\" data-end=\"534\" data-is-only-node=\"\">Rootbac<\/strong>, with the aim of offering different natural solutions <em data-start=\"574\" data-end=\"584\">Bacillus<\/em> It provides this service by utilizing a wide inventory of bacteria belonging to various species.<\/p>\t\t\t\t\t\t\t\t<\/div>\n\t\t\t\t<div class=\"elementor-element elementor-element-7b3da0e elementor-align-left elementor-widget elementor-widget-elementskit-button\" data-id=\"7b3da0e\" data-element_type=\"widget\" data-settings=\"{&quot;ekit_we_effect_on&quot;:&quot;none&quot;}\" data-widget_type=\"elementskit-button.default\">\n\t\t\t\t\t<div class=\"ekit-wid-con\" >\t\t<div class=\"ekit-btn-wraper\">\n\t\t\t\t\t\t\t<a href=\"https:\/\/rootbac.com\/en\/hakkimizda\/\" class=\"elementskit-btn  whitespace--normal\" id=\"\">\n\t\t\t\t\tAbout Us\t\t\t\t<\/a>\n\t\t\t\t\t<\/div>\n        <\/div>\t\t\t\t<\/div>\n\t\t\t\t<\/div>\n\t\t<div class=\"elementor-element elementor-element-6bc8a57 e-con-full elementor-hidden-tablet e-flex e-con e-child\" data-id=\"6bc8a57\" data-element_type=\"container\">\n\t\t\t\t<div class=\"elementor-element elementor-element-f99f443 elementor-widget__width-inherit elementor-widget elementor-widget-image\" data-id=\"f99f443\" data-element_type=\"widget\" data-settings=\"{&quot;ekit_we_effect_on&quot;:&quot;none&quot;}\" data-widget_type=\"image.default\">\n\t\t\t\t\t\t\t\t\t\t\t\t\t\t\t<img fetchpriority=\"high\" decoding=\"async\" width=\"1000\" height=\"1000\" src=\"https:\/\/rootbac.com\/wp-content\/uploads\/2025\/10\/su.jpg\" class=\"attachment-full size-full wp-image-55\" alt=\"\" srcset=\"https:\/\/rootbac.com\/wp-content\/uploads\/2025\/10\/su.jpg 1000w, https:\/\/rootbac.com\/wp-content\/uploads\/2025\/10\/su-300x300.jpg 300w, https:\/\/rootbac.com\/wp-content\/uploads\/2025\/10\/su-150x150.jpg 150w, https:\/\/rootbac.com\/wp-content\/uploads\/2025\/10\/su-768x768.jpg 768w\" sizes=\"(max-width: 1000px) 100vw, 1000px\" \/>\t\t\t\t\t\t\t\t\t\t\t\t\t\t\t<\/div>\n\t\t\t\t<\/div>\n\t\t\t\t\t<\/div>\n\t\t\t\t<\/div>\n\t\t<div class=\"elementor-element elementor-element-03bab65 e-flex e-con-boxed e-con e-parent\" data-id=\"03bab65\" data-element_type=\"container\">\n\t\t\t\t\t<div class=\"e-con-inner\">\n\t\t\t\t<div class=\"elementor-element elementor-element-5e71f8b elementor-widget elementor-widget-elementskit-heading\" data-id=\"5e71f8b\" data-element_type=\"widget\" data-settings=\"{&quot;ekit_we_effect_on&quot;:&quot;none&quot;}\" data-widget_type=\"elementskit-heading.default\">\n\t\t\t\t\t<div class=\"ekit-wid-con\" ><div class=\"ekit-heading elementskit-section-title-wraper text_center   ekit_heading_tablet-   ekit_heading_mobile-\"><h2 class=\"ekit-heading--title elementskit-section-title\">ROOTBACK <span><span>PURPOSE<\/span><\/span> <\/h2><\/div><\/div>\t\t\t\t<\/div>\n\t\t\t\t<div class=\"elementor-element elementor-element-03a4aef elementor-widget elementor-widget-text-editor\" data-id=\"03a4aef\" data-element_type=\"widget\" data-settings=\"{&quot;ekit_we_effect_on&quot;:&quot;none&quot;}\" data-widget_type=\"text-editor.default\">\n\t\t\t\t\t\t\t\t\t<p>We envision and innovate natural solutions for our planet and more.<br \/>Collaborating with various partners to create a sustainable food chain<br \/>It has a large inventory of Bacillus species of fermenting bacteria.<br \/>and with knowledge, to offer cost-effective solutions to the agricultural and industrial sectors,<br \/>Ensuring sustainability in agriculture and industry is the company&#039;s sole objective.<br \/>It is their responsibility.<\/p>\t\t\t\t\t\t\t\t<\/div>\n\t\t\t\t\t<\/div>\n\t\t\t\t<\/div>\n\t\t<div class=\"elementor-element elementor-element-90373b6 e-flex e-con-boxed e-con e-parent\" data-id=\"90373b6\" data-element_type=\"container\">\n\t\t\t\t\t<div class=\"e-con-inner\">\n\t\t\t\t<div class=\"elementor-element elementor-element-b134f78 elementor-widget elementor-widget-elementskit-heading\" data-id=\"b134f78\" data-element_type=\"widget\" data-settings=\"{&quot;ekit_we_effect_on&quot;:&quot;none&quot;}\" data-widget_type=\"elementskit-heading.default\">\n\t\t\t\t\t<div class=\"ekit-wid-con\" ><div class=\"ekit-heading elementskit-section-title-wraper text_left   ekit_heading_tablet-   ekit_heading_mobile-\"><h2 class=\"ekit-heading--title elementskit-section-title\"><span><span>Features<\/span><\/span> and news<\/h2><\/div><\/div>\t\t\t\t<\/div>\n\t\t\t\t\t<\/div>\n\t\t\t\t<\/div>\n\t\t<div class=\"elementor-element elementor-element-e152669 e-flex e-con-boxed e-con e-parent\" data-id=\"e152669\" data-element_type=\"container\" data-settings=\"{&quot;background_background&quot;:&quot;classic&quot;}\">\n\t\t\t\t\t<div class=\"e-con-inner\">\n\t\t<div class=\"elementor-element elementor-element-0b1426f e-con-full e-flex e-con e-child\" data-id=\"0b1426f\" data-element_type=\"container\">\n\t\t\t\t<div class=\"elementor-element elementor-element-a22b375 ekit-equal-height-disable elementor-widget elementor-widget-elementskit-image-box\" data-id=\"a22b375\" data-element_type=\"widget\" data-settings=\"{&quot;ekit_we_effect_on&quot;:&quot;none&quot;}\" data-widget_type=\"elementskit-image-box.default\">\n\t\t\t\t\t<div class=\"ekit-wid-con\" >\n            <div class=\"elementskit-info-image-box ekit-image-box text-center hover_from_right hover-border-bottom\" >\n\n                <a href=\"https:\/\/rootbac.com\/en\/surdurulebilir-tarimin-yeni-donemi\/\">\n                <div class=\"elementskit-box-header image-box-img-center\">\n\n                    <img decoding=\"async\" width=\"370\" height=\"258\" src=\"https:\/\/rootbac.com\/wp-content\/uploads\/2025\/10\/Surdurulebilir-Tarimin-Yeni-Done.jpg\" class=\"attachment-full size-full wp-image-280\" alt=\"\" srcset=\"https:\/\/rootbac.com\/wp-content\/uploads\/2025\/10\/Surdurulebilir-Tarimin-Yeni-Done.jpg 370w, https:\/\/rootbac.com\/wp-content\/uploads\/2025\/10\/Surdurulebilir-Tarimin-Yeni-Done-300x209.jpg 300w\" sizes=\"(max-width: 370px) 100vw, 370px\" \/>\n                <\/div>\n                <\/a>\n                <div class=\"elementskit-box-body ekit-image-box-body\">\n                    <div class=\"elementskit-box-content ekit-image-box-body-inner\">\n                                                <h3 class=\"elementskit-info-box-title\">\n\n                        The New Era of Sustainable Agriculture\n                        \n                    <\/h3>\n                                                            <div class=\"elementskit-box-style-content\">\n                        Microbial transformation that conserves natural resources, reduces environmental impact, and shapes the future of food security.                    <\/div>\n                                    <\/div>\n\n                            <\/div>\n            <\/div>\n    <\/div>\t\t\t\t<\/div>\n\t\t\t\t<\/div>\n\t\t<div class=\"elementor-element elementor-element-d315c40 e-con-full e-flex e-con e-child\" data-id=\"d315c40\" data-element_type=\"container\">\n\t\t\t\t<div class=\"elementor-element elementor-element-48de67f ekit-equal-height-disable elementor-widget elementor-widget-elementskit-image-box\" data-id=\"48de67f\" data-element_type=\"widget\" data-settings=\"{&quot;ekit_we_effect_on&quot;:&quot;none&quot;}\" data-widget_type=\"elementskit-image-box.default\">\n\t\t\t\t\t<div class=\"ekit-wid-con\" >\n            <div class=\"elementskit-info-image-box ekit-image-box text-center hover_from_right hover-border-bottom\" >\n\n                <a href=\"https:\/\/rootbac.com\/en\/gelecegin-gubre-teknolojisi\/\">\n                <div class=\"elementskit-box-header image-box-img-center\">\n\n                    <img decoding=\"async\" width=\"370\" height=\"258\" src=\"https:\/\/rootbac.com\/wp-content\/uploads\/2025\/10\/Gelecegin-Gubre-Teknolojisi-2.jpg\" class=\"attachment-full size-full wp-image-283\" alt=\"\" srcset=\"https:\/\/rootbac.com\/wp-content\/uploads\/2025\/10\/Gelecegin-Gubre-Teknolojisi-2.jpg 370w, https:\/\/rootbac.com\/wp-content\/uploads\/2025\/10\/Gelecegin-Gubre-Teknolojisi-2-300x209.jpg 300w\" sizes=\"(max-width: 370px) 100vw, 370px\" \/>\n                <\/div>\n                <\/a>\n                <div class=\"elementskit-box-body ekit-image-box-body\">\n                    <div class=\"elementskit-box-content ekit-image-box-body-inner\">\n                                                <h3 class=\"elementskit-info-box-title\">\n\n                        The Fertilizer Technology of the Future\n                        \n                    <\/h3>\n                                                            <div class=\"elementskit-box-style-content\">\n                        An agricultural approach that redefines soil health with microbial solutions, ending dependence on chemicals.                    <\/div>\n                                    <\/div>\n\n                            <\/div>\n            <\/div>\n    <\/div>\t\t\t\t<\/div>\n\t\t\t\t<\/div>\n\t\t<div class=\"elementor-element elementor-element-54751d5 e-con-full e-flex e-con e-child\" data-id=\"54751d5\" data-element_type=\"container\">\n\t\t\t\t<div class=\"elementor-element elementor-element-58971c7 ekit-equal-height-disable elementor-widget elementor-widget-elementskit-image-box\" data-id=\"58971c7\" data-element_type=\"widget\" data-settings=\"{&quot;ekit_we_effect_on&quot;:&quot;none&quot;}\" data-widget_type=\"elementskit-image-box.default\">\n\t\t\t\t\t<div class=\"ekit-wid-con\" >\n            <div class=\"elementskit-info-image-box ekit-image-box text-center hover_from_right hover-border-bottom\" >\n\n                <a href=\"https:\/\/rootbac.com\/en\/mikrobiyal-inovasyonun-oncusu\/\">\n                <div class=\"elementskit-box-header image-box-img-center\">\n\n                    <img loading=\"lazy\" decoding=\"async\" width=\"370\" height=\"258\" src=\"https:\/\/rootbac.com\/wp-content\/uploads\/2025\/10\/Mikrobiyal-Inovasyonun-Oncusu-1.jpg\" class=\"attachment-full size-full wp-image-282\" alt=\"\" srcset=\"https:\/\/rootbac.com\/wp-content\/uploads\/2025\/10\/Mikrobiyal-Inovasyonun-Oncusu-1.jpg 370w, https:\/\/rootbac.com\/wp-content\/uploads\/2025\/10\/Mikrobiyal-Inovasyonun-Oncusu-1-300x209.jpg 300w\" sizes=\"(max-width: 370px) 100vw, 370px\" \/>\n                <\/div>\n                <\/a>\n                <div class=\"elementskit-box-body ekit-image-box-body\">\n                    <div class=\"elementskit-box-content ekit-image-box-body-inner\">\n                                                <h3 class=\"elementskit-info-box-title\">\n\n                        Pioneer of Microbial Innovation\n                        \n                    <\/h3>\n                                                            <div class=\"elementskit-box-style-content\">\n                        Innovative approaches that increase efficiency and redefine the boundaries of sustainable production through Bacillus-based biotechnology.                    <\/div>\n                                    <\/div>\n\n                            <\/div>\n            <\/div>\n    <\/div>\t\t\t\t<\/div>\n\t\t\t\t<\/div>\n\t\t\t\t\t<\/div>\n\t\t\t\t<\/div>\n\t\t\t\t<\/div>\n\t\t\n    <div class=\"xs_social_share_widget xs_share_url after_content \t\tmain_content  wslu-style-1 wslu-share-box-shaped wslu-fill-colored wslu-none wslu-share-horizontal wslu-theme-font-no wslu-main_content\">\n\n\t\t\n        <ul>\n\t\t\t        <\/ul>\n    <\/div>","protected":false},"excerpt":{"rendered":"<p>Gelecek Biyo \u00c7\u00f6z\u00fcmlerle Ba\u015flar B\u0130YOG\u00dcBRELER Yar\u0131n\u0131n D\u00fcnyas\u0131 Bitkilerinizin sa\u011fl\u0131kl\u0131 ve verimli b\u00fcy\u00fcmesini desteklerken, su kaynaklar\u0131n\u0131 koruyan ve do\u011falya\u015fam\u0131 g\u00f6zeten biyolojik \u00e7\u00f6z\u00fcmler sunuyoruz. Rootbac \u00fcr\u00fcnleri ile her ad\u0131mda organiktar\u0131m\u0131n g\u00fcc\u00fcn\u00fc ve do\u011faya sayg\u0131m\u0131z\u0131 hissedin. HAKKIMIZDA ROOTBAC K\u0130MD\u0130R? Rootbac, s\u00fcrd\u00fcr\u00fclebilirlik ilkesini temel alarak sanayi ve tar\u0131m i\u015fletmelerinin ihtiya\u00e7lar\u0131n\u0131 do\u011fayla uyumlu bir \u015fekilde kar\u015f\u0131lamak amac\u0131yla kurulmu\u015f bir \u015firkettir.Tar\u0131msal [&hellip;]<\/p>","protected":false},"author":1,"featured_media":0,"parent":0,"menu_order":0,"comment_status":"closed","ping_status":"closed","template":"","meta":{"postBodyCss":"","postBodyMargin":[],"postBodyPadding":[],"postBodyBackground":{"backgroundType":"classic","gradient":""},"footnotes":""},"class_list":["post-11","page","type-page","status-publish","hentry"],"_links":{"self":[{"href":"https:\/\/rootbac.com\/en\/wp-json\/wp\/v2\/pages\/11","targetHints":{"allow":["GET"]}}],"collection":[{"href":"https:\/\/rootbac.com\/en\/wp-json\/wp\/v2\/pages"}],"about":[{"href":"https:\/\/rootbac.com\/en\/wp-json\/wp\/v2\/types\/page"}],"author":[{"embeddable":true,"href":"https:\/\/rootbac.com\/en\/wp-json\/wp\/v2\/users\/1"}],"replies":[{"embeddable":true,"href":"https:\/\/rootbac.com\/en\/wp-json\/wp\/v2\/comments?post=11"}],"version-history":[{"count":82,"href":"https:\/\/rootbac.com\/en\/wp-json\/wp\/v2\/pages\/11\/revisions"}],"predecessor-version":[{"id":582,"href":"https:\/\/rootbac.com\/en\/wp-json\/wp\/v2\/pages\/11\/revisions\/582"}],"wp:attachment":[{"href":"https:\/\/rootbac.com\/en\/wp-json\/wp\/v2\/media?parent=11"}],"curies":[{"name":"wp","href":"https:\/\/api.w.org\/{rel}","templated":true}]}}